{"id":63676,"date":"2025-12-19T08:51:31","date_gmt":"2025-12-19T07:51:31","guid":{"rendered":"https:\/\/dam-online.de\/produkt\/architekturfuehrer-2026\/"},"modified":"2025-12-19T08:52:47","modified_gmt":"2025-12-19T07:52:47","slug":"architekturfuehrer-2026","status":"publish","type":"product","link":"https:\/\/dam-online.de\/en\/product\/architekturfuehrer-2026\/","title":{"rendered":"Architekturf\u00fchrer 2026"},"content":{"rendered":"<p>Yorck F\u00f6rster, Christina Gr\u00e4we, Peter Cachola Schmal (Hg.)<br \/><strong>Architekturf\u00fchrer Deutschland 2026<\/strong><br \/>135 x 245 mm, 240 Seiten<br \/>600 Abbildungen, Softcover<br \/>ISBN 978-3-86922-954-6. Deutsch<br \/>EUR 28,00 \/ CHF 34,80<br \/>September 2025. DOM publishers, Berlin<\/p>\n","protected":false},"excerpt":{"rendered":"<p>Mit dieser Ausgabe erscheint der <em>Architekturf\u00fchrer Deutschland <\/em>zum nunmehr zehnten Mal. In bew\u00e4hrter Weise stellt er das j\u00fcngste Baugeschehen anhand von mehr als 100 vorbildlichen, originellen oder experimentellen, auf jeden Fall aber bemerkenswerten Geb\u00e4uden vor \u2013 von Meldorf in Schleswig-Holstein bis Wangen im Allg\u00e4u, von D\u00fcsseldorf bis K\u00fcstrin-Kietz. Die Auswahl der Experten-Jury entspricht der Longlist f\u00fcr den <em>DAM Preis f\u00fcr Architektur in Deutschland 2026<\/em>. Davon sind 21 Bauten, die die Jury in die engere Wahl nahm, bereits mit \u201eShortlist\u201c markiert.<\/p>\n","protected":false},"featured_media":7784,"template":"","meta":{"_acf_changed":false,"_et_pb_use_builder":"","_et_pb_old_content":"","_et_gb_content_width":""},"product_brand":[],"product_cat":[372,371],"product_tag":[],"class_list":{"0":"post-63676","1":"product","2":"type-product","3":"status-publish","4":"has-post-thumbnail","6":"product_cat-book","7":"product_cat-publication","9":"first","10":"instock","11":"taxable","12":"shipping-taxable","13":"purchasable","14":"product-type-simple"},"acf":[],"_links":{"self":[{"href":"https:\/\/dam-online.de\/en\/wp-json\/wp\/v2\/product\/63676","targetHints":{"allow":["GET"]}}],"collection":[{"href":"https:\/\/dam-online.de\/en\/wp-json\/wp\/v2\/product"}],"about":[{"href":"https:\/\/dam-online.de\/en\/wp-json\/wp\/v2\/types\/product"}],"wp:featuredmedia":[{"embeddable":true,"href":"https:\/\/dam-online.de\/en\/wp-json\/wp\/v2\/media\/7784"}],"wp:attachment":[{"href":"https:\/\/dam-online.de\/en\/wp-json\/wp\/v2\/media?parent=63676"}],"wp:term":[{"taxonomy":"product_brand","embeddable":true,"href":"https:\/\/dam-online.de\/en\/wp-json\/wp\/v2\/product_brand?post=63676"},{"taxonomy":"product_cat","embeddable":true,"href":"https:\/\/dam-online.de\/en\/wp-json\/wp\/v2\/product_cat?post=63676"},{"taxonomy":"product_tag","embeddable":true,"href":"https:\/\/dam-online.de\/en\/wp-json\/wp\/v2\/product_tag?post=63676"}],"curies":[{"name":"wp","href":"https:\/\/api.w.org\/{rel}","templated":true}]}}