{"id":63299,"date":"2025-12-05T11:02:42","date_gmt":"2025-12-05T10:02:42","guid":{"rendered":"https:\/\/dam-online.de\/?post_type=product&#038;p=63299"},"modified":"2025-12-08T14:53:22","modified_gmt":"2025-12-08T13:53:22","slug":"frankfurter-lampion-gemustert","status":"publish","type":"product","link":"https:\/\/dam-online.de\/en\/product\/frankfurter-lampion-gemustert\/","title":{"rendered":"Frankfurter Lampion, gemustert"},"content":{"rendered":"<h2>Frankfurter Lampion, gemustert<\/h2>\n<p>Der Frankfurter Lampion begleitet das Jubil\u00e4um 100\u00df Jahre neues Frankfurt als Leuchtendes Zeichen f\u00fcr Gemeinschaft, Teilhabe und st\u00e4dtische Identit\u00e4t.<\/p>\n<p>Inspiriert vom ersten Lampionfest 1931 finden von 2025 bis 2030 in den Siedlungen des Neuen Frankfurt j\u00e4hrlich zwei Feste statt. Die Quartiere werden festlich beleuchtet, uns der eigens daf\u00fcr gestaltete Lampion schl\u00e4gt eine stimmungsvolle Br\u00fccke zwischen Vergangenheit und Gegenwart. Die von der Neuen Sachlichkeit gepr\u00e4gte, schlichte Form des Lampions wirft im Wind ein lebendiges Lichtspiel &#8211; im Stadtraum ebenso wie als Lichtobjekt f\u00fcr Zuhause<\/p>\n<p>Design: Kai Linke; Bureau Sandra Doeller; Behinderten-Werk Main-Kinzig<\/p>\n<p>*Die Frankfurter Lampions&#8221; sind ein Produkt der \u201eLampionfeste Frankfurt\u201c im Rahmen von \u201e100 Jahre Neues Frankfurt\u201c.<\/p>\n","protected":false},"excerpt":{"rendered":"<p>Der Frankfurter Lampion begleitet das Jubil\u00e4um 100\u00df Jahre neues Frankfurt als Leuchtendes Zeichen f\u00fcr Gemeinschaft, Teilhabe und st\u00e4dtische Identit\u00e4t.<\/p>\n","protected":false},"featured_media":63300,"template":"","meta":{"_acf_changed":false,"_et_pb_use_builder":"","_et_pb_old_content":"","_et_gb_content_width":""},"product_brand":[],"product_cat":[299],"product_tag":[],"hf_cat_product":[],"class_list":{"0":"post-63299","1":"product","2":"type-product","3":"status-publish","4":"has-post-thumbnail","6":"product_cat-unkategorisiert","8":"first","9":"instock","10":"taxable","11":"shipping-taxable","12":"purchasable","13":"product-type-simple"},"acf":[],"_links":{"self":[{"href":"https:\/\/dam-online.de\/en\/wp-json\/wp\/v2\/product\/63299","targetHints":{"allow":["GET"]}}],"collection":[{"href":"https:\/\/dam-online.de\/en\/wp-json\/wp\/v2\/product"}],"about":[{"href":"https:\/\/dam-online.de\/en\/wp-json\/wp\/v2\/types\/product"}],"wp:featuredmedia":[{"embeddable":true,"href":"https:\/\/dam-online.de\/en\/wp-json\/wp\/v2\/media\/63300"}],"wp:attachment":[{"href":"https:\/\/dam-online.de\/en\/wp-json\/wp\/v2\/media?parent=63299"}],"wp:term":[{"taxonomy":"product_brand","embeddable":true,"href":"https:\/\/dam-online.de\/en\/wp-json\/wp\/v2\/product_brand?post=63299"},{"taxonomy":"product_cat","embeddable":true,"href":"https:\/\/dam-online.de\/en\/wp-json\/wp\/v2\/product_cat?post=63299"},{"taxonomy":"product_tag","embeddable":true,"href":"https:\/\/dam-online.de\/en\/wp-json\/wp\/v2\/product_tag?post=63299"},{"taxonomy":"hf_cat_product","embeddable":true,"href":"https:\/\/dam-online.de\/en\/wp-json\/wp\/v2\/hf_cat_product?post=63299"}],"curies":[{"name":"wp","href":"https:\/\/api.w.org\/{rel}","templated":true}]}}