{"id":62758,"date":"2025-10-29T11:48:36","date_gmt":"2025-10-29T10:48:36","guid":{"rendered":"https:\/\/dam-online.de\/?post_type=product&#038;p=62758"},"modified":"2025-10-29T12:10:30","modified_gmt":"2025-10-29T11:10:30","slug":"111-architekturbaukaesten","status":"publish","type":"product","link":"https:\/\/dam-online.de\/en\/product\/111-architekturbaukaesten\/","title":{"rendered":"111 Architekturbauk\u00e4sten"},"content":{"rendered":"<div>\n<h1 class=\"book-title\">111 Architekturbauk\u00e4sten<br \/>\nSammlung Claus Krieger<\/h1>\n<div aria-roledescription=\"format\">Broschur<\/div>\n<div class=\"ng-star-inserted\" aria-roledescription=\"dimensions\">21 \u00d7 25 cm<\/div>\n<div class=\"ng-star-inserted\"><span class=\"ng-star-inserted\" aria-roledescription=\"pages\">272 Seiten<\/span><span class=\"ng-star-inserted\">, 500 farb. Abb.<\/span><\/div>\n<div class=\"ng-star-inserted\" aria-roledescription=\"language\"><span class=\"ng-star-inserted\">Deutsch<\/span><\/div>\n<div aria-roledescription=\"ISBN\">ISBN 978-3-98612-274-4<\/div>\n<\/div>\n<div class=\"contributors ng-star-inserted\">\n<div class=\"ng-star-inserted\">Claus Krieger<span class=\"ng-star-inserted\"><br \/>\njovis<\/p>\n<p><\/span><\/div>\n<\/div>\n<div class=\"description sm-up\">\n<p>Architekturbauk\u00e4sten sind sehr viel \u00e4lter als Lego. Vor \u00fcber 150 Jahren entstanden die ersten Holzbauk\u00e4sten. Darauf folgten Bausysteme aus Stein, Keramik, Kunststoff und sogar Hartgummi. Auf dem H\u00f6hepunkt der Baukastenwelle produzierten allein im deutschsprachigen Bereich Hunderte von Werkst\u00e4tten das Spielzeug, die oft aufwendigen Verpackungen und bisweilen schwer zu durchschauenden Anleitungen. Bis in die Mitte des 20. Jahrhunderts spiegelten die Bauk\u00e4sten auch immer die Entwicklungen in der \u201egro\u00dfen&#8221; Architektur und bildeten verschiedenste Konstruktionsmethoden nach. Der Sammler Claus Krieger pr\u00e4sentiert in diesem Buch 111 Baukastentypen aus aller Welt in all ihren Facetten. Er dokumentiert nicht nur die detailreich gestalteten Bestandteile, sondern zeigt auch die Modelle im aufgebauten Zustand. So entsteht eine spielerische Entdeckungsreise durch die Architekturgeschichte aus ganz besonderer Perspektive.<\/p>\n<p>Mit einem Vorwort von Oliver Elser<\/p>\n<ul>\n<li>Einzigartige Dokumentation einer der gr\u00f6\u00dften Architekturbaukastensammlungen<\/li>\n<li>Umfangreiches Bildmaterial \u2013 vom einger\u00e4umten Architekturbaukasten \u00fcber die Anleitung bis hin zum aufgebauten Modell<\/li>\n<li>Erscheint begleitend zur Ausstellung\u00a0<em>Architekturbauk\u00e4sten \u2013 Die gro\u00dfe Mitspielausstellung<\/em>\u00a0am Deutschen Architekturmuseum (24. Oktober 2025\u20138. Februar 2026)<\/li>\n<\/ul>\n<\/div>\n","protected":false},"excerpt":{"rendered":"<p>111 Architekturbauk\u00e4sten Sammlung Claus Krieger Broschur 21 \u00d7 25 cm 272 Seiten, 500 farb. Abb. Deutsch ISBN 978-3-98612-274-4 Claus Krieger jovis Architekturbauk\u00e4sten sind sehr viel \u00e4lter als Lego. Vor \u00fcber [&hellip;]<\/p>\n","protected":false},"featured_media":62759,"template":"","meta":{"_acf_changed":false,"_et_pb_use_builder":"","_et_pb_old_content":"","_et_gb_content_width":""},"product_brand":[],"product_cat":[303,326],"product_tag":[],"hf_cat_product":[],"class_list":{"0":"post-62758","1":"product","2":"type-product","3":"status-publish","4":"has-post-thumbnail","6":"product_cat-buch","7":"product_cat-publikation","9":"first","10":"instock","11":"taxable","12":"shipping-taxable","13":"purchasable","14":"product-type-simple"},"acf":[],"_links":{"self":[{"href":"https:\/\/dam-online.de\/en\/wp-json\/wp\/v2\/product\/62758","targetHints":{"allow":["GET"]}}],"collection":[{"href":"https:\/\/dam-online.de\/en\/wp-json\/wp\/v2\/product"}],"about":[{"href":"https:\/\/dam-online.de\/en\/wp-json\/wp\/v2\/types\/product"}],"wp:featuredmedia":[{"embeddable":true,"href":"https:\/\/dam-online.de\/en\/wp-json\/wp\/v2\/media\/62759"}],"wp:attachment":[{"href":"https:\/\/dam-online.de\/en\/wp-json\/wp\/v2\/media?parent=62758"}],"wp:term":[{"taxonomy":"product_brand","embeddable":true,"href":"https:\/\/dam-online.de\/en\/wp-json\/wp\/v2\/product_brand?post=62758"},{"taxonomy":"product_cat","embeddable":true,"href":"https:\/\/dam-online.de\/en\/wp-json\/wp\/v2\/product_cat?post=62758"},{"taxonomy":"product_tag","embeddable":true,"href":"https:\/\/dam-online.de\/en\/wp-json\/wp\/v2\/product_tag?post=62758"},{"taxonomy":"hf_cat_product","embeddable":true,"href":"https:\/\/dam-online.de\/en\/wp-json\/wp\/v2\/hf_cat_product?post=62758"}],"curies":[{"name":"wp","href":"https:\/\/api.w.org\/{rel}","templated":true}]}}