{"id":61462,"date":"2025-08-06T09:53:56","date_gmt":"2025-08-06T07:53:56","guid":{"rendered":"https:\/\/dam-online.de\/?post_type=product&#038;p=61462"},"modified":"2025-08-06T09:53:57","modified_gmt":"2025-08-06T07:53:57","slug":"plan-spiel-stadt-verhandle-klug-baue-weise","status":"publish","type":"product","link":"https:\/\/dam-online.de\/en\/product\/plan-spiel-stadt-verhandle-klug-baue-weise\/","title":{"rendered":"Plan.Spiel.Stadt. Verhandle klug, baue weise."},"content":{"rendered":"<p><strong>Plan.Spiel.Stadt.<\/strong><br \/>\n<strong>Verhandle klug, baue weise.<\/strong><\/p>\n<p>Herausgeber: Deutsches Architekturmuseum (DAM)<br \/>\nDas Spiel wurde von der Abteilung Bildung und Vermittlung des Deutschen Architekturmuseums entwickelt:<br \/>\nRebekka Kremershof (Leitung Bildung und Vermittlung), Confiyet Aydin (Stellvertretende Leitung Bildung und Vermittlung), Gabriel B\u00e4r (Freier Mitarbeiter)<br \/>\nIn Zusammenarbeit mit: Lookout (Redaktion: Grzegorz Kobiela, Grafik-Support: atelier198)<br \/>\nMit Unterst\u00fctzung durch: Ruth Schl\u00f6gl, Prof. Dr.-Ing. Natalie Heger, Lukas Vejnik und Studierenden der Frankfurt University of Applied Sciences<\/p>\n<p>Grundlage: Dieses Spiel basiert auf Conflicity, entwickelt von Urban Equipe (Z\u00fcrich).<br \/>\nGrafikdesign: VERY, Frankfurt am Main<br \/>\nISBN\/ Barcode:\u00a0 4170000230878<br \/>\nAltersempfehlung: 8+<br \/>\nSpieleranzahl: 4<\/p>\n<p>Im Museumsshop erh\u00e4ltlich f\u00fcr 25,- EUR<\/p>\n","protected":false},"excerpt":{"rendered":"<p>Stadtplanung ist ein komplexer Prozess, in dem unterschiedliche Interessen aufeinandertreffen. Wachstum, Nachhaltigkeit, Umweltbelange, soziale Gerechtigkeit oder auch \u00d6konomie m\u00fcssen miteinander in Einklang gebracht werden \u2013 ein Balanceakt, der kluge Entscheidungen und Verhandlungsgeschick erfordert. Um diese Herausforderungen erfahrbar zu machen, hat das Deutsche Architekturmuseum (DAM) statt eines klassischen Ausstellungskatalogs ein Stadtplanungsspiel konzipiert. Grundlage daf\u00fcr war das Spiel <em>Conflicity<\/em> des Vereins Urban Equipe, welches das DAM gemeinsam mit dem Spieleverlag Lookout weiterentwickelte.<\/p>\n<p>Durch spielerische Elemente werden Fachwissen, Probleml\u00f6sungsf\u00e4higkeit und ein tieferes Verst\u00e4ndnis f\u00fcr Stadtplanung gef\u00f6rdert. Im Spiel schl\u00fcpfen die Spieler:innen in verschiedene Rollen \u2013 von Investor:innen \u00fcber Stadtverwalter:innen bis zu Umweltsch\u00fctzer:innen \u2013 und gestalten gemeinsam die Zukunft einer Stadt. Doch jede Entscheidung hat Konsequenzen: Welche Bauprojekte werden umgesetzt? Wo muss verhandelt werden? Wie lassen sich Konflikte l\u00f6sen? Ziel ist es, eine funktionierende Stadt zu erschaffen, in der niemand auf der Strecke bleibt. Dabei wird hautnah erlebt, wie Interessenskonflikte, Kompromisse und strategische \u00dcberlegungen das Stadtbild pr\u00e4gen.<\/p>\n","protected":false},"featured_media":61463,"template":"","meta":{"_acf_changed":false,"_et_pb_use_builder":"","_et_pb_old_content":"","_et_gb_content_width":""},"product_brand":[],"product_cat":[326,608],"product_tag":[],"hf_cat_product":[],"class_list":{"0":"post-61462","1":"product","2":"type-product","3":"status-publish","4":"has-post-thumbnail","6":"product_cat-publikation","7":"product_cat-spiel","9":"first","10":"instock","11":"taxable","12":"shipping-taxable","13":"purchasable","14":"product-type-simple"},"acf":[],"_links":{"self":[{"href":"https:\/\/dam-online.de\/en\/wp-json\/wp\/v2\/product\/61462","targetHints":{"allow":["GET"]}}],"collection":[{"href":"https:\/\/dam-online.de\/en\/wp-json\/wp\/v2\/product"}],"about":[{"href":"https:\/\/dam-online.de\/en\/wp-json\/wp\/v2\/types\/product"}],"wp:featuredmedia":[{"embeddable":true,"href":"https:\/\/dam-online.de\/en\/wp-json\/wp\/v2\/media\/61463"}],"wp:attachment":[{"href":"https:\/\/dam-online.de\/en\/wp-json\/wp\/v2\/media?parent=61462"}],"wp:term":[{"taxonomy":"product_brand","embeddable":true,"href":"https:\/\/dam-online.de\/en\/wp-json\/wp\/v2\/product_brand?post=61462"},{"taxonomy":"product_cat","embeddable":true,"href":"https:\/\/dam-online.de\/en\/wp-json\/wp\/v2\/product_cat?post=61462"},{"taxonomy":"product_tag","embeddable":true,"href":"https:\/\/dam-online.de\/en\/wp-json\/wp\/v2\/product_tag?post=61462"},{"taxonomy":"hf_cat_product","embeddable":true,"href":"https:\/\/dam-online.de\/en\/wp-json\/wp\/v2\/hf_cat_product?post=61462"}],"curies":[{"name":"wp","href":"https:\/\/api.w.org\/{rel}","templated":true}]}}