{"id":60756,"date":"2025-06-12T08:12:09","date_gmt":"2025-06-12T06:12:09","guid":{"rendered":"https:\/\/dam-online.de\/?post_type=product&#038;p=60756"},"modified":"2025-06-12T08:12:09","modified_gmt":"2025-06-12T06:12:09","slug":"architecture-and-energy-bauen-in-zeiten-des-klimawandels-building-in-the-age-of-climate-change","status":"publish","type":"product","link":"https:\/\/dam-online.de\/en\/product\/architecture-and-energy-bauen-in-zeiten-des-klimawandels-building-in-the-age-of-climate-change\/","title":{"rendered":"Architecture and Energy Bauen in Zeiten des Klimawandels. Building in the age of climate change"},"content":{"rendered":"<p><strong>Architecture and Energy<\/strong><br \/>\n<strong>Bauen in Zeiten des Klimawandels<\/strong><br \/>\n<strong>Building in the age of climate change<\/strong><\/p>\n<p>Hrsg.: Werner Sobek, Annette Becker, Peter Cachola Schmal<br \/>\nHirmer Verlag, M\u00fcnchen<br \/>\nDeutsch \/ Englisch<br \/>\n248 Seiten, 140 Abbildungen<br \/>\nFormat 17,5 x 24 cm, Klappenbroschur<br \/>\nISBN 978-3-7774-4516-8<\/p>\n<p>Mit Beitr\u00e4gen von: H. B\u00f6kamp, B. Cody, G. D\u00fcsing, A. Gebhard, O. Geden, A. Herzog, C. Kemfert, R. Leibinger, W. Sobek, C. Soehlke, A. Tersluisen, K. Volgger, M. von Gagern<br \/>\nIm Museumsshop erh\u00e4ltlich f\u00fcr 25,- EUR, im Buchhandel erh\u00e4ltlich f\u00fcr 39,90 EUR.<\/p>\n","protected":false},"excerpt":{"rendered":"<p>Architecture and Energy Bauen in Zeiten des Klimawandels Building in the age of climate change Hrsg.: Werner Sobek, Annette Becker, Peter Cachola Schmal Hirmer Verlag, M\u00fcnchen Deutsch \/ Englisch 248 [&hellip;]<\/p>\n","protected":false},"featured_media":60757,"template":"","meta":{"_acf_changed":false,"_et_pb_use_builder":"","_et_pb_old_content":"","_et_gb_content_width":""},"product_brand":[],"product_cat":[303,326],"product_tag":[],"hf_cat_product":[],"class_list":{"0":"post-60756","1":"product","2":"type-product","3":"status-publish","4":"has-post-thumbnail","6":"product_cat-buch","7":"product_cat-publikation","9":"first","10":"instock","11":"taxable","12":"shipping-taxable","13":"purchasable","14":"product-type-simple"},"acf":[],"_links":{"self":[{"href":"https:\/\/dam-online.de\/en\/wp-json\/wp\/v2\/product\/60756","targetHints":{"allow":["GET"]}}],"collection":[{"href":"https:\/\/dam-online.de\/en\/wp-json\/wp\/v2\/product"}],"about":[{"href":"https:\/\/dam-online.de\/en\/wp-json\/wp\/v2\/types\/product"}],"wp:featuredmedia":[{"embeddable":true,"href":"https:\/\/dam-online.de\/en\/wp-json\/wp\/v2\/media\/60757"}],"wp:attachment":[{"href":"https:\/\/dam-online.de\/en\/wp-json\/wp\/v2\/media?parent=60756"}],"wp:term":[{"taxonomy":"product_brand","embeddable":true,"href":"https:\/\/dam-online.de\/en\/wp-json\/wp\/v2\/product_brand?post=60756"},{"taxonomy":"product_cat","embeddable":true,"href":"https:\/\/dam-online.de\/en\/wp-json\/wp\/v2\/product_cat?post=60756"},{"taxonomy":"product_tag","embeddable":true,"href":"https:\/\/dam-online.de\/en\/wp-json\/wp\/v2\/product_tag?post=60756"},{"taxonomy":"hf_cat_product","embeddable":true,"href":"https:\/\/dam-online.de\/en\/wp-json\/wp\/v2\/hf_cat_product?post=60756"}],"curies":[{"name":"wp","href":"https:\/\/api.w.org\/{rel}","templated":true}]}}