{"id":58413,"date":"2024-11-07T14:13:02","date_gmt":"2024-11-07T13:13:02","guid":{"rendered":"https:\/\/dam-online.de\/?post_type=product&#038;p=58413"},"modified":"2024-11-07T14:15:06","modified_gmt":"2024-11-07T13:15:06","slug":"einfach-gruen-greening-the-city","status":"publish","type":"product","link":"https:\/\/dam-online.de\/en\/product\/einfach-gruen-greening-the-city\/","title":{"rendered":"EINFACH GR\u00dcN &#8211; Greening the City"},"content":{"rendered":"<div>\n<h1 class=\"book-title\">Einfach Gr\u00fcn \u2013 Greening the City<\/h1>\n<h2 class=\"subtitle ng-star-inserted\">Handbuch f\u00fcr Geb\u00e4udegr\u00fcn<\/h2>\n<\/div>\n<div class=\"contributors ng-star-inserted\">\n<div class=\"ng-star-inserted\">Hilde Strobl \/ Peter Cachola Schmal \/ Rudi Scheuermann<span class=\"ng-star-inserted\">\u00a0(Hg.)<\/span><\/div>\n<\/div>\n<div class=\"description sm-up\">\n<p>Zweisprachige Ausgabe (deutsch\/englisch) \/ Bilingual edition (English\/German)<br \/>\nBroschur<\/p>\n<div class=\"ng-star-inserted\" aria-roledescription=\"dimensions\">17 \u00d7 24 cm<\/div>\n<div class=\"ng-star-inserted\"><span class=\"ng-star-inserted\" aria-roledescription=\"pages\">320 Seiten<\/span><span class=\"ng-star-inserted\">, zahlr. farb. Abb.<\/span><\/div>\n<div class=\"ng-star-inserted\" aria-roledescription=\"language\"><span class=\"ng-star-inserted\">Deutsch,\u00a0<\/span><span class=\"ng-star-inserted\">Englisch<\/span><\/div>\n<div aria-roledescription=\"ISBN\">ISBN 978-3-98612-075-7<\/div>\n<div aria-roledescription=\"releaseDate\">11.2024<\/div>\n<p>Verbessern Pflanzen das Stadtklima? Wie kann Gr\u00fcn in der Architektur die urbane Hitzebildung reduzieren, die Feinstaubbildung vermindern, den st\u00e4dtischen L\u00e4rmpegel senken und das Wohlbefinden der Menschen steigern?<\/p>\n<p>Das Handbuch zum Geb\u00e4udegr\u00fcn in seiner dritten erweiterten Auflage richtet sich an die B\u00fcrgerschaft ebenso wie an Architekt*innen und Bauherr*innen. Es liefert Antworten auf die am h\u00e4ufigsten gestellten Fragen \u2013 von der Bestands- bis zur Neubaubegr\u00fcnung, von finanziellen F\u00f6rderungen und praktischen Tipps zur Pflanzenwahl bis zu \u00f6kologischen Auswirkungen auf das Stadtklima. Es ist an der Zeit \u2013 und viele Beispiele in Deutschland und weltweit zeigen, dass Gr\u00fcnbauten m\u00f6glich und wachsende Realit\u00e4t sind.<\/p>\n<p>\u2022 Dritte, erweiterte Auflage des Publikumserfolgs mit neuem Vorwort und Beitrag zur Geschichte und Wirkkraft von Spalierb\u00e4umen an Fassaden<\/p>\n<p>\u2022 Reich bebilderte Case Studies aus aller Welt mit ber\u00fchmten Projekten und Neuentdeckungen<\/p>\n<p>\u2022 Kompakte Antworten auf die h\u00e4ufigsten Fragen zur urbanen Geb\u00e4udebegr\u00fcnung<\/p>\n<\/div>\n","protected":false},"excerpt":{"rendered":"<p>Verbessern Pflanzen das Stadtklima? Wie kann Gr\u00fcn in der Architektur die urbane Hitzebildung reduzieren, die Feinstaubbildung vermindern, den st\u00e4dtischen L\u00e4rmpegel senken und das Wohlbefinden der Menschen steigern?<\/p>\n","protected":false},"featured_media":58414,"template":"","meta":{"_acf_changed":false,"_et_pb_use_builder":"","_et_pb_old_content":"","_et_gb_content_width":""},"product_brand":[],"product_cat":[299],"product_tag":[],"hf_cat_product":[],"class_list":{"0":"post-58413","1":"product","2":"type-product","3":"status-publish","4":"has-post-thumbnail","6":"product_cat-unkategorisiert","8":"first","9":"instock","10":"taxable","11":"shipping-taxable","12":"purchasable","13":"product-type-simple"},"acf":[],"_links":{"self":[{"href":"https:\/\/dam-online.de\/en\/wp-json\/wp\/v2\/product\/58413","targetHints":{"allow":["GET"]}}],"collection":[{"href":"https:\/\/dam-online.de\/en\/wp-json\/wp\/v2\/product"}],"about":[{"href":"https:\/\/dam-online.de\/en\/wp-json\/wp\/v2\/types\/product"}],"wp:featuredmedia":[{"embeddable":true,"href":"https:\/\/dam-online.de\/en\/wp-json\/wp\/v2\/media\/58414"}],"wp:attachment":[{"href":"https:\/\/dam-online.de\/en\/wp-json\/wp\/v2\/media?parent=58413"}],"wp:term":[{"taxonomy":"product_brand","embeddable":true,"href":"https:\/\/dam-online.de\/en\/wp-json\/wp\/v2\/product_brand?post=58413"},{"taxonomy":"product_cat","embeddable":true,"href":"https:\/\/dam-online.de\/en\/wp-json\/wp\/v2\/product_cat?post=58413"},{"taxonomy":"product_tag","embeddable":true,"href":"https:\/\/dam-online.de\/en\/wp-json\/wp\/v2\/product_tag?post=58413"},{"taxonomy":"hf_cat_product","embeddable":true,"href":"https:\/\/dam-online.de\/en\/wp-json\/wp\/v2\/hf_cat_product?post=58413"}],"curies":[{"name":"wp","href":"https:\/\/api.w.org\/{rel}","templated":true}]}}