{"id":54615,"date":"2023-10-10T10:47:13","date_gmt":"2023-10-10T08:47:13","guid":{"rendered":"https:\/\/dam-online.de\/?post_type=product&#038;p=54615"},"modified":"2023-12-06T15:24:08","modified_gmt":"2023-12-06T14:24:08","slug":"architekturfuehrer-deutschland-2024","status":"publish","type":"product","link":"https:\/\/dam-online.de\/en\/product\/architekturfuehrer-deutschland-2024\/","title":{"rendered":"Architekturf\u00fchrer Deutschland 2024"},"content":{"rendered":"<p><span class=\"readonlyText multiple\"><em>Yorck F\u00f6rster, Christina Gr\u00e4we,<br \/>\nPeter Cachola Schmal (Hg.)<\/em><\/span><\/p>\n<p><span class=\"readonlyText multiple\">Vom Wohnhaus \u00fcber die Feuerwache bis zur Park\u00adtoilette, von Stralsund \u00fcber Mainz bis \u00adRegensburg: Der Architekturf\u00fchrer Deutschland 2024 stellt mehr als 100 qualit\u00e4tsvolle, vorbildliche Geb\u00e4ude und \u00adEnsembles vor, die vor \u00adKurzem realisiert wurden. Die Auswahl entspricht der Longlist zum DAM Preis f\u00fcr Architektur in Deutschland 2024.<br \/>\nWichtiger als je zuvor ist das Thema Klimaschutz: Denn die Errichtung und der Betrieb von \u00adGeb\u00e4uden verursachen rund 50 Prozent der j\u00e4hrlichen CO2-Emissionen. Das Buch zeigt zahlreiche Ans\u00e4tze f\u00fcr nachhaltigeres Bauen: In Deutschland werden nicht nur modernste Materialalternativen zu Stahlbeton \u00adentwickelt, auch der Holz- und Holzbybridbau wird immer popul\u00e4rer und Strohd\u00e4mmungen sind l\u00e4ngst \u00fcber das experimentelle Stadium hinaus. So bildet dieser Architekturf\u00fchrer nicht nur das aktuelle Bau\u00adgeschehen ab, sondern weist auch in die Zukunft.<\/span><\/p>\n<p class=\"p1\"><em>135 x\u00a0245 mm<\/em><br \/>\n<em>224 Seiten<\/em><br \/>\n<em>350 Abbildungen<\/em><br \/>\n<em>Softcover<\/em><\/p>\n<p class=\"p1\"><em>ISBN 978-3-86922-883-9<\/em><\/p>\n<p>Im Museumsshop erh\u00e4ltlich f\u00fcr EUR 28,00<\/p>\n","protected":false},"excerpt":{"rendered":"<p>Vom Wohnhaus \u00fcber die Feuerwache bis zur Park\u00adtoilette, von Stralsund \u00fcber Mainz bis \u00adRegensburg: Der Architekturf\u00fchrer Deutschland 2024 stellt mehr als 100 qualit\u00e4tsvolle, vorbildliche Geb\u00e4ude und \u00adEnsembles vor, die vor \u00adKurzem realisiert wurden.<\/p>\n","protected":false},"featured_media":54616,"template":"","meta":{"_acf_changed":false,"_et_pb_use_builder":"","_et_pb_old_content":"","_et_gb_content_width":""},"product_brand":[],"product_cat":[326],"product_tag":[],"class_list":{"0":"post-54615","1":"product","2":"type-product","3":"status-publish","4":"has-post-thumbnail","6":"product_cat-publikation","8":"first","9":"instock","10":"taxable","11":"shipping-taxable","12":"purchasable","13":"product-type-simple"},"acf":[],"_links":{"self":[{"href":"https:\/\/dam-online.de\/en\/wp-json\/wp\/v2\/product\/54615","targetHints":{"allow":["GET"]}}],"collection":[{"href":"https:\/\/dam-online.de\/en\/wp-json\/wp\/v2\/product"}],"about":[{"href":"https:\/\/dam-online.de\/en\/wp-json\/wp\/v2\/types\/product"}],"wp:featuredmedia":[{"embeddable":true,"href":"https:\/\/dam-online.de\/en\/wp-json\/wp\/v2\/media\/54616"}],"wp:attachment":[{"href":"https:\/\/dam-online.de\/en\/wp-json\/wp\/v2\/media?parent=54615"}],"wp:term":[{"taxonomy":"product_brand","embeddable":true,"href":"https:\/\/dam-online.de\/en\/wp-json\/wp\/v2\/product_brand?post=54615"},{"taxonomy":"product_cat","embeddable":true,"href":"https:\/\/dam-online.de\/en\/wp-json\/wp\/v2\/product_cat?post=54615"},{"taxonomy":"product_tag","embeddable":true,"href":"https:\/\/dam-online.de\/en\/wp-json\/wp\/v2\/product_tag?post=54615"}],"curies":[{"name":"wp","href":"https:\/\/api.w.org\/{rel}","templated":true}]}}