{"id":47265,"date":"2023-01-27T16:58:17","date_gmt":"2023-01-27T15:58:17","guid":{"rendered":"https:\/\/dam-online.de\/?post_type=product&#038;p=47265"},"modified":"2023-01-27T16:58:17","modified_gmt":"2023-01-27T15:58:17","slug":"deutsches-architektur-jahrbuch-2023","status":"publish","type":"product","link":"https:\/\/dam-online.de\/en\/product\/deutsches-architektur-jahrbuch-2023\/","title":{"rendered":"Deutsches Architektur Jahrbuch 2023"},"content":{"rendered":"<p class=\"MsoNormal\"><span lang=\"ES\">DEUTSCHES ARCHITEKTUR JAHRBUCH 2023<\/p>\n<p>Yorck F\u00f6rster, Christina Gr\u00e4we, Peter Cachola Schmal (Hg.)<br \/>\nErschienen bei DOM publishers, 2023<\/span><\/p>\n<p class=\"MsoNormal\"><span lang=\"ES\"><br \/>\n256 Seiten, 220 \u00d7 280 mm, 400 Abbildungen<br \/>\nLeinenhardcover, Deutsch\/Englisch<\/span><\/p>\n<p class=\"MsoNormal\"><span lang=\"ES\"><br \/>\n978-3-86922-865-5 <\/span><\/p>\n<p class=\"MsoNormal\"><span lang=\"ES\"><br \/>\nIm Museumsshop und im Buchhandel erh\u00e4ltlich f\u00fcr 38,- EUR.<\/span><\/p>\n","protected":false},"excerpt":{"rendered":"<p>DEUTSCHES ARCHITEKTUR JAHRBUCH 2023 Yorck F\u00f6rster, Christina Gr\u00e4we, Peter Cachola Schmal (Hg.) Erschienen bei DOM publishers, 2023 256 Seiten, 220 \u00d7 280 mm, 400 Abbildungen Leinenhardcover, Deutsch\/Englisch 978-3-86922-865-5 Im Museumsshop [&hellip;]<\/p>\n","protected":false},"featured_media":47266,"template":"","meta":{"_acf_changed":false,"_et_pb_use_builder":"","_et_pb_old_content":"","_et_gb_content_width":""},"product_brand":[],"product_cat":[299],"product_tag":[],"hf_cat_product":[],"class_list":{"0":"post-47265","1":"product","2":"type-product","3":"status-publish","4":"has-post-thumbnail","6":"product_cat-unkategorisiert","8":"first","9":"instock","10":"taxable","11":"shipping-taxable","12":"purchasable","13":"product-type-simple"},"acf":[],"_links":{"self":[{"href":"https:\/\/dam-online.de\/en\/wp-json\/wp\/v2\/product\/47265","targetHints":{"allow":["GET"]}}],"collection":[{"href":"https:\/\/dam-online.de\/en\/wp-json\/wp\/v2\/product"}],"about":[{"href":"https:\/\/dam-online.de\/en\/wp-json\/wp\/v2\/types\/product"}],"wp:featuredmedia":[{"embeddable":true,"href":"https:\/\/dam-online.de\/en\/wp-json\/wp\/v2\/media\/47266"}],"wp:attachment":[{"href":"https:\/\/dam-online.de\/en\/wp-json\/wp\/v2\/media?parent=47265"}],"wp:term":[{"taxonomy":"product_brand","embeddable":true,"href":"https:\/\/dam-online.de\/en\/wp-json\/wp\/v2\/product_brand?post=47265"},{"taxonomy":"product_cat","embeddable":true,"href":"https:\/\/dam-online.de\/en\/wp-json\/wp\/v2\/product_cat?post=47265"},{"taxonomy":"product_tag","embeddable":true,"href":"https:\/\/dam-online.de\/en\/wp-json\/wp\/v2\/product_tag?post=47265"},{"taxonomy":"hf_cat_product","embeddable":true,"href":"https:\/\/dam-online.de\/en\/wp-json\/wp\/v2\/hf_cat_product?post=47265"}],"curies":[{"name":"wp","href":"https:\/\/api.w.org\/{rel}","templated":true}]}}