{"id":41463,"date":"2022-10-31T09:43:41","date_gmt":"2022-10-31T08:43:41","guid":{"rendered":"https:\/\/dam-online.de\/produkt\/architekturfuehrer-deutschland-2023\/"},"modified":"2022-10-31T09:43:41","modified_gmt":"2022-10-31T08:43:41","slug":"architekturfuehrer-deutschland-2023","status":"publish","type":"product","link":"https:\/\/dam-online.de\/en\/product\/architekturfuehrer-deutschland-2023\/","title":{"rendered":"Architekturf\u00fchrer Deutschland 2023"},"content":{"rendered":"<p>Yorck F\u00f6rster, Christina Gr\u00e4we, Peter Cachola Schmal (Hg.)<br \/>\nErschienen bei DOM publishers, Berlin \/ 2022<\/p>\n<p>Softcover, 135 \u00d7 245 mm, 224 Seiten, 580 Abbildungen<\/p>\n<p>978-3-86922-814-3<\/p>\n<p>Deutsch<\/p>\n<p>Im Museumsshop online und im Buchhandel erh\u00e4ltlich f\u00fcr 28,- EUR.<\/p>\n","protected":false},"excerpt":{"rendered":"<p>Yorck F\u00f6rster, Christina Gr\u00e4we, Peter Cachola Schmal (Hg.) Erschienen bei DOM publishers, Berlin \/ 2022 Softcover, 135 \u00d7 245 mm, 224 Seiten, 580 Abbildungen 978-3-86922-814-3 Deutsch Im Museumsshop online und [&hellip;]<\/p>\n","protected":false},"featured_media":41461,"template":"","meta":{"_acf_changed":false,"_et_pb_use_builder":"","_et_pb_old_content":"","_et_gb_content_width":""},"product_brand":[],"product_cat":[372,371],"product_tag":[],"class_list":{"0":"post-41463","1":"product","2":"type-product","3":"status-publish","4":"has-post-thumbnail","6":"product_cat-book","7":"product_cat-publication","9":"first","10":"instock","11":"taxable","12":"shipping-taxable","13":"purchasable","14":"product-type-simple"},"acf":[],"_links":{"self":[{"href":"https:\/\/dam-online.de\/en\/wp-json\/wp\/v2\/product\/41463","targetHints":{"allow":["GET"]}}],"collection":[{"href":"https:\/\/dam-online.de\/en\/wp-json\/wp\/v2\/product"}],"about":[{"href":"https:\/\/dam-online.de\/en\/wp-json\/wp\/v2\/types\/product"}],"wp:featuredmedia":[{"embeddable":true,"href":"https:\/\/dam-online.de\/en\/wp-json\/wp\/v2\/media\/41461"}],"wp:attachment":[{"href":"https:\/\/dam-online.de\/en\/wp-json\/wp\/v2\/media?parent=41463"}],"wp:term":[{"taxonomy":"product_brand","embeddable":true,"href":"https:\/\/dam-online.de\/en\/wp-json\/wp\/v2\/product_brand?post=41463"},{"taxonomy":"product_cat","embeddable":true,"href":"https:\/\/dam-online.de\/en\/wp-json\/wp\/v2\/product_cat?post=41463"},{"taxonomy":"product_tag","embeddable":true,"href":"https:\/\/dam-online.de\/en\/wp-json\/wp\/v2\/product_tag?post=41463"}],"curies":[{"name":"wp","href":"https:\/\/api.w.org\/{rel}","templated":true}]}}