{"id":38114,"date":"2022-05-06T10:30:50","date_gmt":"2022-05-06T08:30:50","guid":{"rendered":"https:\/\/dam-online.de\/produkt\/deutsches-architektur-jahrbuch-2022\/"},"modified":"2024-08-27T10:24:41","modified_gmt":"2024-08-27T08:24:41","slug":"deutsches-architektur-jahrbuch-2022","status":"publish","type":"product","link":"https:\/\/dam-online.de\/en\/product\/deutsches-architektur-jahrbuch-2022\/","title":{"rendered":"Deutsches Architektur Jahrbuch 2022"},"content":{"rendered":"<p>DEUTSCHES ARCHITEKTUR JAHRBUCH 2022<br \/>\nYorck F\u00f6rster, Christina Gr\u00e4we, Peter Cachola Schmal (Hg.)<br \/>\nErschienen bei DOM publishers, 2022<br \/>\n264 Seiten, 220 \u00d7 280 mm, 350 Abbildungen Leinenhardcover, Deutsch\/Englisch<br \/>\nISBN 978-3-86922-786-3<\/p>\n<p>Im Museumsshop und im Buchhandel erh\u00e4ltlich f\u00fcr 38,- EUR.<\/p>\n","protected":false},"excerpt":{"rendered":"<p>DEUTSCHES ARCHITEKTUR JAHRBUCH 2022 Yorck F\u00f6rster, Christina Gr\u00e4we, Peter Cachola Schmal (Hg.) Erschienen bei DOM publishers, 2022 264 Seiten, 220 \u00d7 280 mm, 350 Abbildungen Leinenhardcover, Deutsch\/Englisch ISBN 978-3-86922-786-3 Im [&hellip;]<\/p>\n","protected":false},"featured_media":36204,"template":"","meta":{"_acf_changed":false,"_et_pb_use_builder":"","_et_pb_old_content":"","_et_gb_content_width":""},"product_brand":[],"product_cat":[371,372,374],"product_tag":[],"hf_cat_product":[],"class_list":{"0":"post-38114","1":"product","2":"type-product","3":"status-publish","4":"has-post-thumbnail","6":"product_cat-publication","7":"product_cat-book","8":"product_cat-uncategorized","10":"first","11":"instock","12":"taxable","13":"shipping-taxable","14":"purchasable","15":"product-type-simple"},"acf":[],"_links":{"self":[{"href":"https:\/\/dam-online.de\/en\/wp-json\/wp\/v2\/product\/38114","targetHints":{"allow":["GET"]}}],"collection":[{"href":"https:\/\/dam-online.de\/en\/wp-json\/wp\/v2\/product"}],"about":[{"href":"https:\/\/dam-online.de\/en\/wp-json\/wp\/v2\/types\/product"}],"wp:featuredmedia":[{"embeddable":true,"href":"https:\/\/dam-online.de\/en\/wp-json\/wp\/v2\/media\/36204"}],"wp:attachment":[{"href":"https:\/\/dam-online.de\/en\/wp-json\/wp\/v2\/media?parent=38114"}],"wp:term":[{"taxonomy":"product_brand","embeddable":true,"href":"https:\/\/dam-online.de\/en\/wp-json\/wp\/v2\/product_brand?post=38114"},{"taxonomy":"product_cat","embeddable":true,"href":"https:\/\/dam-online.de\/en\/wp-json\/wp\/v2\/product_cat?post=38114"},{"taxonomy":"product_tag","embeddable":true,"href":"https:\/\/dam-online.de\/en\/wp-json\/wp\/v2\/product_tag?post=38114"},{"taxonomy":"hf_cat_product","embeddable":true,"href":"https:\/\/dam-online.de\/en\/wp-json\/wp\/v2\/hf_cat_product?post=38114"}],"curies":[{"name":"wp","href":"https:\/\/api.w.org\/{rel}","templated":true}]}}