{"id":37146,"date":"2022-03-11T12:57:06","date_gmt":"2022-03-11T11:57:06","guid":{"rendered":"https:\/\/dam-online.de\/produkt\/architekturfuehrer-metropolregion-frankfurt-rhein-main\/"},"modified":"2022-03-11T12:57:06","modified_gmt":"2022-03-11T11:57:06","slug":"architekturfuehrer-metropolregion-frankfurt-rhein-main","status":"publish","type":"product","link":"https:\/\/dam-online.de\/en\/product\/architekturfuehrer-metropolregion-frankfurt-rhein-main\/","title":{"rendered":"Architekturf\u00fchrer Metropolregion Frankfurt Rhein-Main"},"content":{"rendered":"<p style=\"margin: 0px 0px 10px;padding: 0px;font-size: 16px;color: #404752;font-family: 'PT Serif', 'Helvetica Neue', Helvetica, Arial, sans-serif\"><span style=\"margin: 0px;padding: 0px;font-weight: bold\">Architekturf\u00fchrer<\/span><\/p>\n<p style=\"margin: 0px 0px 10px;padding: 0px;font-size: 16px;color: #404752;font-family: 'PT Serif', 'Helvetica Neue', Helvetica, Arial, sans-serif\"><span style=\"margin: 0px;padding: 0px;font-weight: bold\">Frankfurt am Main \u2013 Offenbach am Main \u2013<br style=\"margin: 0px;padding: 0px\" \/>Mainz \u2013 Wiesbaden \u2013 Darmstadt<\/span><\/p>\n<p style=\"margin: 0px 0px 10px;padding: 0px;font-size: 16px;color: #404752;font-family: 'PT Serif', 'Helvetica Neue', Helvetica, Arial, sans-serif\"><em style=\"margin: 0px;padding: 0px\">Anna Scheuermann\/Andrea Schwappach\/<br style=\"margin: 0px;padding: 0px\" \/>Paul-Martin Lied<\/em><\/p>\n<p style=\"margin: 0px 0px 10px;padding: 0px;font-size: 16px;color: #404752;font-family: 'PT Serif', 'Helvetica Neue', Helvetica, Arial, sans-serif\"><span class=\"readonlyText\" style=\"margin: 0px;padding: 0px\" title=\"Architekturf\u00fchrer Metropolregion Frankfurt Rhein-Main\">Entlang der Fl\u00fcsse Rhein und Main erstreckt sich eine der wirtschaftlich st\u00e4rksten Regionen Europas \u2013 mit einer weltbekannten Skyline und einem bedeutenden internationalen Flughafen. Finanz- und Warenstr\u00f6me flie\u00dfen hier zusammen, und zu einem reichen architek\u00adtonischen Erbe kommen kontinuierlich heraus\u00adragende Geb\u00e4ude hinzu.<br style=\"margin: 0px;padding: 0px\" \/><br style=\"margin: 0px;padding: 0px\" \/>Der vorliegende Architekturf\u00fchrer bietet eine neue Perspektive auf dieses prosperierende Ballungsgebiet, dessen Bev\u00f6lkerungszahl in den kommenden Jahren weiter wachsen wird. Er versammelt insgesamt mehr als 300 Bauten<br style=\"margin: 0px;padding: 0px\" \/>aus den Kern\u00adst\u00e4dten Frankfurt, Offenbach, Wiesbaden, Mainz und Darmstadt sowie aus den umliegenden Gemeinden.<br style=\"margin: 0px;padding: 0px\" \/><br style=\"margin: 0px;padding: 0px\" \/>Dar\u00fcber hinaus lenken die Autoren den Blick auf die vielf\u00e4ltigen Landschaftsr\u00e4ume der Region und auf gesch\u00fctzte naturnahe und unbebaute Fl\u00e4chen. F\u00fcnf thematische Rad\u00adtouren f\u00fchren unter anderem entlang der Taunush\u00e4nge und von Frankfurt nach Mainz.<br style=\"margin: 0px;padding: 0px\" \/><br style=\"margin: 0px;padding: 0px\" \/><\/span><\/p>\n<p style=\"margin: 0px 0px 10px;padding: 0px;font-size: 16px;color: #404752;font-family: 'PT Serif', 'Helvetica Neue', Helvetica, Arial, sans-serif\"><span class=\"readonlyText\" style=\"margin: 0px;padding: 0px\" title=\"Die Wei\u00dfe Stadt und ihre Bauten der Moderne\"><em style=\"margin: 0px;padding: 0px\">134 \u00d7 245 mm<br style=\"margin: 0px;padding: 0px\" \/>500 Seiten<br style=\"margin: 0px;padding: 0px\" \/>750 Abbildungen<br style=\"margin: 0px;padding: 0px\" \/>Softcover<\/em><\/span><\/p>\n<p style=\"margin: 0px 0px 10px;padding-top: 0px;padding-right: 0px;padding-left: 0px;font-size: 16px;color: #404752;font-family: 'PT Serif', 'Helvetica Neue', Helvetica, Arial, sans-serif\"><span class=\"readonlyText\" style=\"margin: 0px;padding: 0px\" title=\"Die Wei\u00dfe Stadt und ihre Bauten der Moderne\"><em style=\"margin: 0px;padding: 0px\">ISBN 978-3-86922-556-2<\/em><\/span><\/p>\n","protected":false},"excerpt":{"rendered":"<p>Architekturf\u00fchrer Frankfurt am Main \u2013 Offenbach am Main \u2013Mainz \u2013 Wiesbaden \u2013 Darmstadt Anna Scheuermann\/Andrea Schwappach\/Paul-Martin Lied Entlang der Fl\u00fcsse Rhein und Main erstreckt sich eine der wirtschaftlich st\u00e4rksten Regionen [&hellip;]<\/p>\n","protected":false},"featured_media":37145,"template":"","meta":{"_acf_changed":false,"_et_pb_use_builder":"","_et_pb_old_content":"","_et_gb_content_width":""},"product_brand":[],"product_cat":[372],"product_tag":[],"class_list":{"0":"post-37146","1":"product","2":"type-product","3":"status-publish","4":"has-post-thumbnail","6":"product_cat-book","8":"first","9":"instock","10":"taxable","11":"shipping-taxable","12":"purchasable","13":"product-type-simple"},"acf":[],"_links":{"self":[{"href":"https:\/\/dam-online.de\/en\/wp-json\/wp\/v2\/product\/37146","targetHints":{"allow":["GET"]}}],"collection":[{"href":"https:\/\/dam-online.de\/en\/wp-json\/wp\/v2\/product"}],"about":[{"href":"https:\/\/dam-online.de\/en\/wp-json\/wp\/v2\/types\/product"}],"wp:featuredmedia":[{"embeddable":true,"href":"https:\/\/dam-online.de\/en\/wp-json\/wp\/v2\/media\/37145"}],"wp:attachment":[{"href":"https:\/\/dam-online.de\/en\/wp-json\/wp\/v2\/media?parent=37146"}],"wp:term":[{"taxonomy":"product_brand","embeddable":true,"href":"https:\/\/dam-online.de\/en\/wp-json\/wp\/v2\/product_brand?post=37146"},{"taxonomy":"product_cat","embeddable":true,"href":"https:\/\/dam-online.de\/en\/wp-json\/wp\/v2\/product_cat?post=37146"},{"taxonomy":"product_tag","embeddable":true,"href":"https:\/\/dam-online.de\/en\/wp-json\/wp\/v2\/product_tag?post=37146"}],"curies":[{"name":"wp","href":"https:\/\/api.w.org\/{rel}","templated":true}]}}