{"id":37117,"date":"2022-03-11T11:04:10","date_gmt":"2022-03-11T10:04:10","guid":{"rendered":"https:\/\/dam-online.de\/produkt\/deutsches-architektur-jahrbuch-2011-12\/"},"modified":"2022-03-11T11:04:10","modified_gmt":"2022-03-11T10:04:10","slug":"deutsches-architektur-jahrbuch-2011-12","status":"publish","type":"product","link":"https:\/\/dam-online.de\/en\/product\/deutsches-architektur-jahrbuch-2011-12\/","title":{"rendered":"Deutsches Architektur Jahrbuch 2011\/12"},"content":{"rendered":"<p><strong>Autoren:<\/strong> Christina Gr\u00e4we, Peter Cachola Schmal<br \/>\n<strong>Verlag<\/strong>: Prestel, 2011. 218 Seiten Broschiert<br \/>\n<strong>Sprache:<\/strong> Deutsch<br \/>\n<strong>ISBN:<\/strong> 3791351354<br \/>\n<strong>Preis:<\/strong> 9,50<\/p>\n<p>Zukunftsweisend, herausragend, ausgezeichnet: Die 23 besten Bauten in und aus Deutschland<br \/>\nDas diesj\u00e4hrige Deutsche Architektur Jahrbuch bleibt dem Anspruch seiner Vorg\u00e4nger treu: Wieder zeigt es anhand von 23 Beispielen einen vielseitigen Querschnitt der besten Bauten, die j\u00fcngst in Deutschland oder im Ausland realisiert wurden. Der Band widmet sich dem brandaktuellen Thema &#8220;B\u00fcrgerprotest&#8221;, und das weit \u00fcber die Bewegung gegen &#8220;Stuttgart 21&#8221; hinaus. Zudem befasst er sich neben dem Export des &#8220;Know-hows&#8221; deutscher Planer mit einer neuen Tendenz: dem Reimport deutsch-asiatischer Kooperationen nach Deutschland.<\/p>\n","protected":false},"excerpt":{"rendered":"<p>Autoren: Christina Gr\u00e4we, Peter Cachola Schmal Verlag: Prestel, 2011. 218 Seiten Broschiert Sprache: Deutsch ISBN: 3791351354 Preis: 9,50 Zukunftsweisend, herausragend, ausgezeichnet: Die 23 besten Bauten in und aus Deutschland Das [&hellip;]<\/p>\n","protected":false},"featured_media":35694,"template":"","meta":{"_acf_changed":false,"_et_pb_use_builder":"","_et_pb_old_content":"","_et_gb_content_width":""},"product_brand":[],"product_cat":[372],"product_tag":[],"class_list":{"0":"post-37117","1":"product","2":"type-product","3":"status-publish","4":"has-post-thumbnail","6":"product_cat-book","8":"first","9":"instock","10":"taxable","11":"shipping-taxable","12":"purchasable","13":"product-type-simple"},"acf":[],"_links":{"self":[{"href":"https:\/\/dam-online.de\/en\/wp-json\/wp\/v2\/product\/37117","targetHints":{"allow":["GET"]}}],"collection":[{"href":"https:\/\/dam-online.de\/en\/wp-json\/wp\/v2\/product"}],"about":[{"href":"https:\/\/dam-online.de\/en\/wp-json\/wp\/v2\/types\/product"}],"wp:featuredmedia":[{"embeddable":true,"href":"https:\/\/dam-online.de\/en\/wp-json\/wp\/v2\/media\/35694"}],"wp:attachment":[{"href":"https:\/\/dam-online.de\/en\/wp-json\/wp\/v2\/media?parent=37117"}],"wp:term":[{"taxonomy":"product_brand","embeddable":true,"href":"https:\/\/dam-online.de\/en\/wp-json\/wp\/v2\/product_brand?post=37117"},{"taxonomy":"product_cat","embeddable":true,"href":"https:\/\/dam-online.de\/en\/wp-json\/wp\/v2\/product_cat?post=37117"},{"taxonomy":"product_tag","embeddable":true,"href":"https:\/\/dam-online.de\/en\/wp-json\/wp\/v2\/product_tag?post=37117"}],"curies":[{"name":"wp","href":"https:\/\/api.w.org\/{rel}","templated":true}]}}