{"id":37111,"date":"2022-03-11T10:44:01","date_gmt":"2022-03-11T09:44:01","guid":{"rendered":"https:\/\/dam-online.de\/produkt\/tv-towers-fernsehtuerme\/"},"modified":"2022-03-11T10:44:01","modified_gmt":"2022-03-11T09:44:01","slug":"tv-towers-fernsehtuerme","status":"publish","type":"product","link":"https:\/\/dam-online.de\/en\/product\/tv-towers-fernsehtuerme\/","title":{"rendered":"TV-Towers &#8211; Fernseht\u00fcrme"},"content":{"rendered":"<p>von Florian Heilmeyer<b>,\u00a0<\/b>Matthias B\u00f6ttger<b>,\u00a0<\/b>Friedrich von Borries<\/p>\n<p><strong>Verlag:\u00a0<\/strong>Jovis<br \/>\n<strong>Seitenzahl:<\/strong> 272<br \/>\n<strong>Erscheinungstermin:<\/strong> 2. Oktober 2009<br \/>\nDeutsch, Englisch<br \/>\n<strong>Abmessung:<\/strong> 245mm x 173mm x 25mm<br \/>\n<strong>Gewicht<\/strong>: 958g<br \/>\n<strong>ISBN:<\/strong> 9783868590241<\/p>\n<p>Das Buch zeigt nicht nur die architektonische und konstruktive Rekordjagd des Gr\u00f6\u00dfer, H\u00f6her und Weiter, die mit Fernseht\u00fcrmen ausgetragen wird, sondern erl\u00e4utert die T\u00fcrme aus ihrem gesellschaftlichen und politischen Kontext. Denn kein Geb\u00e4udetyp zeigt seit dem Zweiten Weltkrieg ein so gro\u00dfes\u00a0<span class=\"additional\">Verlangen nach gesellschaftlicher, wirtschaftlicher oder politischer Symbolik. Aber wie genau \u00e4u\u00dfern sich diese W\u00fcnsche, Zukunftsvorstellungen und Machtbekundungen in der Architektur? Wie wird deren Auslegung durch politische Propaganda oder alltagskulturelle Aneignung transformiert? Und wie politisch kann Architektur sein?<\/span><\/p>\n","protected":false},"excerpt":{"rendered":"<p>von Florian Heilmeyer,\u00a0Matthias B\u00f6ttger,\u00a0Friedrich von Borries Verlag:\u00a0Jovis Seitenzahl: 272 Erscheinungstermin: 2. Oktober 2009 Deutsch, Englisch Abmessung: 245mm x 173mm x 25mm Gewicht: 958g ISBN: 9783868590241 Das Buch zeigt nicht nur [&hellip;]<\/p>\n","protected":false},"featured_media":35723,"template":"","meta":{"_acf_changed":false,"_et_pb_use_builder":"","_et_pb_old_content":"","_et_gb_content_width":""},"product_brand":[],"product_cat":[372],"product_tag":[],"class_list":{"0":"post-37111","1":"product","2":"type-product","3":"status-publish","4":"has-post-thumbnail","6":"product_cat-book","8":"first","9":"instock","10":"taxable","11":"shipping-taxable","12":"purchasable","13":"product-type-simple"},"acf":[],"_links":{"self":[{"href":"https:\/\/dam-online.de\/en\/wp-json\/wp\/v2\/product\/37111","targetHints":{"allow":["GET"]}}],"collection":[{"href":"https:\/\/dam-online.de\/en\/wp-json\/wp\/v2\/product"}],"about":[{"href":"https:\/\/dam-online.de\/en\/wp-json\/wp\/v2\/types\/product"}],"wp:featuredmedia":[{"embeddable":true,"href":"https:\/\/dam-online.de\/en\/wp-json\/wp\/v2\/media\/35723"}],"wp:attachment":[{"href":"https:\/\/dam-online.de\/en\/wp-json\/wp\/v2\/media?parent=37111"}],"wp:term":[{"taxonomy":"product_brand","embeddable":true,"href":"https:\/\/dam-online.de\/en\/wp-json\/wp\/v2\/product_brand?post=37111"},{"taxonomy":"product_cat","embeddable":true,"href":"https:\/\/dam-online.de\/en\/wp-json\/wp\/v2\/product_cat?post=37111"},{"taxonomy":"product_tag","embeddable":true,"href":"https:\/\/dam-online.de\/en\/wp-json\/wp\/v2\/product_tag?post=37111"}],"curies":[{"name":"wp","href":"https:\/\/api.w.org\/{rel}","templated":true}]}}