{"id":27643,"date":"2021-07-08T14:15:12","date_gmt":"2021-07-08T12:15:12","guid":{"rendered":"https:\/\/dam-online.de\/produkt\/stadt-gruen-europaeische-landschaftsarchitektur-fuer-das-21-jahrhundert\/"},"modified":"2021-07-08T14:15:12","modified_gmt":"2021-07-08T12:15:12","slug":"stadt-gruen-europaeische-landschaftsarchitektur-fuer-das-21-jahrhundert","status":"publish","type":"product","link":"https:\/\/dam-online.de\/en\/product\/stadt-gruen-europaeische-landschaftsarchitektur-fuer-das-21-jahrhundert\/","title":{"rendered":"Stadt Gr\u00fcn Europ\u00e4ische Landschaftsarchitektur f\u00fcr das 21. Jahrhundert"},"content":{"rendered":"<p>von Annette Becker, Peter Cachola Schmal <span class=\"a-list-item\"><\/p>\n<p><span class=\"a-text-bold\">ISBN-10 : <\/span> 3034603134<\/span><span class=\"a-list-item\"><\/p>\n<p><\/span><span class=\"a-list-item\"><span class=\"a-text-bold\">Abmessungen : <\/span> 23.11 x 2.29 x 29.97 cm<\/span><span class=\"a-list-item\"><\/p>\n<p><span class=\"a-text-bold\">Verlag: <\/span> Birkh\u00e4user<\/span><\/p>\n","protected":false},"excerpt":{"rendered":"<p>von Annette Becker, Peter Cachola Schmal<\/p>\n","protected":false},"featured_media":22045,"template":"","meta":{"_acf_changed":false,"_et_pb_use_builder":"","_et_pb_old_content":"","_et_gb_content_width":""},"product_brand":[],"product_cat":[372],"product_tag":[],"class_list":{"0":"post-27643","1":"product","2":"type-product","3":"status-publish","4":"has-post-thumbnail","6":"product_cat-book","8":"first","9":"instock","10":"taxable","11":"shipping-taxable","12":"purchasable","13":"product-type-simple"},"acf":[],"_links":{"self":[{"href":"https:\/\/dam-online.de\/en\/wp-json\/wp\/v2\/product\/27643","targetHints":{"allow":["GET"]}}],"collection":[{"href":"https:\/\/dam-online.de\/en\/wp-json\/wp\/v2\/product"}],"about":[{"href":"https:\/\/dam-online.de\/en\/wp-json\/wp\/v2\/types\/product"}],"wp:featuredmedia":[{"embeddable":true,"href":"https:\/\/dam-online.de\/en\/wp-json\/wp\/v2\/media\/22045"}],"wp:attachment":[{"href":"https:\/\/dam-online.de\/en\/wp-json\/wp\/v2\/media?parent=27643"}],"wp:term":[{"taxonomy":"product_brand","embeddable":true,"href":"https:\/\/dam-online.de\/en\/wp-json\/wp\/v2\/product_brand?post=27643"},{"taxonomy":"product_cat","embeddable":true,"href":"https:\/\/dam-online.de\/en\/wp-json\/wp\/v2\/product_cat?post=27643"},{"taxonomy":"product_tag","embeddable":true,"href":"https:\/\/dam-online.de\/en\/wp-json\/wp\/v2\/product_tag?post=27643"}],"curies":[{"name":"wp","href":"https:\/\/api.w.org\/{rel}","templated":true}]}}