{"id":27608,"date":"2021-07-08T14:14:12","date_gmt":"2021-07-08T12:14:12","guid":{"rendered":"https:\/\/dam-online.de\/produkt\/living-the-region\/"},"modified":"2022-03-09T16:34:32","modified_gmt":"2022-03-09T15:34:32","slug":"living-the-region","status":"publish","type":"product","link":"https:\/\/dam-online.de\/en\/product\/living-the-region\/","title":{"rendered":"LIVING THE REGION"},"content":{"rendered":"<div class=\"floatLeft textContainer\">\n<div id=\"ctl00_phMainContainer_ctl01_ctl00_ctl00_rptTeaser_ctl04_pnlBestellen\" class=\"BSTL_button\">\n<p>Hrsg.: Christian Holl, Felix Nowak, Kai V\u00f6ckler, Peter Cachola Schmal<\/p>\n<p>Wasmuth Verlag, T\u00fcbingenBerlin<\/p>\n<p>Softcover, 320 Seiten<\/p>\n<p>ISBN 978-3803008367<\/p>\n<p>Im Museumsshop erh\u00e4ltlich f\u00fcr\u00a0<strong>EUR <\/strong><strong>9,50<\/strong><\/p>\n<p>&nbsp;<\/p>\n<\/div>\n<\/div>\n","protected":false},"excerpt":{"rendered":"<p>Hrsg.: Christian Holl, Felix Nowak, Kai V\u00f6ckler, Peter Cachola Schmal Wasmuth Verlag, T\u00fcbingenBerlin Softcover, 320 Seiten ISBN 978-3803008367 Im Museumsshop erh\u00e4ltlich f\u00fcr\u00a0EUR 9,50 &nbsp;<\/p>\n","protected":false},"featured_media":7785,"template":"","meta":{"_acf_changed":false,"_et_pb_use_builder":"","_et_pb_old_content":"","_et_gb_content_width":""},"product_brand":[],"product_cat":[372],"product_tag":[],"hf_cat_product":[],"class_list":{"0":"post-27608","1":"product","2":"type-product","3":"status-publish","4":"has-post-thumbnail","6":"product_cat-book","8":"first","9":"instock","10":"taxable","11":"shipping-taxable","12":"purchasable","13":"product-type-simple"},"acf":[],"_links":{"self":[{"href":"https:\/\/dam-online.de\/en\/wp-json\/wp\/v2\/product\/27608","targetHints":{"allow":["GET"]}}],"collection":[{"href":"https:\/\/dam-online.de\/en\/wp-json\/wp\/v2\/product"}],"about":[{"href":"https:\/\/dam-online.de\/en\/wp-json\/wp\/v2\/types\/product"}],"wp:featuredmedia":[{"embeddable":true,"href":"https:\/\/dam-online.de\/en\/wp-json\/wp\/v2\/media\/7785"}],"wp:attachment":[{"href":"https:\/\/dam-online.de\/en\/wp-json\/wp\/v2\/media?parent=27608"}],"wp:term":[{"taxonomy":"product_brand","embeddable":true,"href":"https:\/\/dam-online.de\/en\/wp-json\/wp\/v2\/product_brand?post=27608"},{"taxonomy":"product_cat","embeddable":true,"href":"https:\/\/dam-online.de\/en\/wp-json\/wp\/v2\/product_cat?post=27608"},{"taxonomy":"product_tag","embeddable":true,"href":"https:\/\/dam-online.de\/en\/wp-json\/wp\/v2\/product_tag?post=27608"},{"taxonomy":"hf_cat_product","embeddable":true,"href":"https:\/\/dam-online.de\/en\/wp-json\/wp\/v2\/hf_cat_product?post=27608"}],"curies":[{"name":"wp","href":"https:\/\/api.w.org\/{rel}","templated":true}]}}