{"id":27602,"date":"2021-07-08T14:14:53","date_gmt":"2021-07-08T12:14:53","guid":{"rendered":"https:\/\/dam-online.de\/produkt\/die-neue-heimat-1950-1982-eine-sozialdemokratische-utopie-und-ihre-bauten\/"},"modified":"2021-07-08T14:14:53","modified_gmt":"2021-07-08T12:14:53","slug":"die-neue-heimat-1950-1982-eine-sozialdemokratische-utopie-und-ihre-bauten","status":"publish","type":"product","link":"https:\/\/dam-online.de\/en\/product\/die-neue-heimat-1950-1982-eine-sozialdemokratische-utopie-und-ihre-bauten\/","title":{"rendered":"Die Neue Heimat (1950-1982) &#8211; Eine sozialdemokratische Utopie und ihre Bauten"},"content":{"rendered":"<p>Herausgeber: Andres Lepik, Hilde Strobl<\/p>\n<p>Verlag: DETAIL<\/p>\n<p>236 Seiten mit 235 Abbildungen<\/p>\n<p>Format 20 x 26,5 cm<\/p>\n<p>Deutsch<\/p>\n<p>Hardcover<\/p>\n<p>ISBN: 978-3-95553-476-9<\/p>\n","protected":false},"excerpt":{"rendered":"<p>Die \u201eNeue Heimat\u201d war der gr\u00f6\u00dfte und bedeutendste nicht-staatliche Wohnungsbaukonzern im Europa der Nachkriegszeit. In einem Zeitraum von \u00fcber drei\u00dfig Jahren hat das Gewerkschaftsunternehmen mehr als 400.000 Wohnungen und seit den sechziger Jahren auch zahlreiche Kommunal- und Gewerbebauten in Deutschland geplant und ausgef\u00fchrt. Im Museumsshop erh\u00e4ltlich f\u00fcr \u20ac 29,90.<\/p>\n","protected":false},"featured_media":15413,"template":"","meta":{"_acf_changed":false,"_et_pb_use_builder":"","_et_pb_old_content":"","_et_gb_content_width":""},"product_brand":[],"product_cat":[372],"product_tag":[],"hf_cat_product":[],"class_list":{"0":"post-27602","1":"product","2":"type-product","3":"status-publish","4":"has-post-thumbnail","6":"product_cat-book","8":"first","9":"instock","10":"taxable","11":"shipping-taxable","12":"purchasable","13":"product-type-simple"},"acf":[],"_links":{"self":[{"href":"https:\/\/dam-online.de\/en\/wp-json\/wp\/v2\/product\/27602","targetHints":{"allow":["GET"]}}],"collection":[{"href":"https:\/\/dam-online.de\/en\/wp-json\/wp\/v2\/product"}],"about":[{"href":"https:\/\/dam-online.de\/en\/wp-json\/wp\/v2\/types\/product"}],"wp:featuredmedia":[{"embeddable":true,"href":"https:\/\/dam-online.de\/en\/wp-json\/wp\/v2\/media\/15413"}],"wp:attachment":[{"href":"https:\/\/dam-online.de\/en\/wp-json\/wp\/v2\/media?parent=27602"}],"wp:term":[{"taxonomy":"product_brand","embeddable":true,"href":"https:\/\/dam-online.de\/en\/wp-json\/wp\/v2\/product_brand?post=27602"},{"taxonomy":"product_cat","embeddable":true,"href":"https:\/\/dam-online.de\/en\/wp-json\/wp\/v2\/product_cat?post=27602"},{"taxonomy":"product_tag","embeddable":true,"href":"https:\/\/dam-online.de\/en\/wp-json\/wp\/v2\/product_tag?post=27602"},{"taxonomy":"hf_cat_product","embeddable":true,"href":"https:\/\/dam-online.de\/en\/wp-json\/wp\/v2\/hf_cat_product?post=27602"}],"curies":[{"name":"wp","href":"https:\/\/api.w.org\/{rel}","templated":true}]}}