{"id":27598,"date":"2021-07-08T14:14:14","date_gmt":"2021-07-08T12:14:14","guid":{"rendered":"https:\/\/dam-online.de\/produkt\/best-highrises-201617\/"},"modified":"2022-03-09T15:38:17","modified_gmt":"2022-03-09T14:38:17","slug":"best-highrises-201617","status":"publish","type":"product","link":"https:\/\/dam-online.de\/en\/product\/best-highrises-201617\/","title":{"rendered":"BEST HIGHRISES 201617"},"content":{"rendered":"<h2>THE INTERNATIONAL HIGHRISE AWARD INTERNATIONALER HOCHHAUS PREIS 2016<\/h2>\n<p>Peter K\u00f6rner Peter Cachola Schmal (Hg.)<\/p>\n<div class=\"floatLeft textContainer\">\n<div id=\"ctl00_phMainContainer_ctl01_ctl00_ctl00_rptTeaser_ctl20_pnlText\" class=\"teaserText\">\n<p>Erschienen bei JOVIS, de<\/p>\n<p><a href=\"http:\/\/www.jovis.de\/de\/buecher\/product\/best-highrises-2016-17.html\" target=\"_blank\" rel=\"noopener noreferrer\">Beispielseiten<\/a><\/p>\n<p>Die Publikation pr\u00e4sentiert neben dem Preistr\u00e4ger 30 herausragende Projekte aus 14 L\u00e4ndern \u2014 unter anderem von Zaha Hadid, Lord Norman Foster und Richard Meier \u2014 und dokumentiert damit aktuelle und wichtige Trends der weltweiten Hochhausarchitektur.<\/p>\n<p>Klappenbroschur, 21 x 27 cm, 128 Seiten, ca. 270 farb. Abb. und Pl\u00e4ne<\/p>\n<p><strong>EUR 19,-<\/strong><\/p>\n<\/div>\n<\/div>\n","protected":false},"excerpt":{"rendered":"<p>Die Publikation pr\u00e4sentiert neben dem Preistr\u00e4ger 30 herausragende Projekte aus 14 L\u00e4ndern.<\/p>\n","protected":false},"featured_media":7920,"template":"","meta":{"_acf_changed":false,"_et_pb_use_builder":"","_et_pb_old_content":"","_et_gb_content_width":""},"product_brand":[],"product_cat":[372],"product_tag":[],"class_list":{"0":"post-27598","1":"product","2":"type-product","3":"status-publish","4":"has-post-thumbnail","6":"product_cat-book","8":"first","9":"instock","10":"taxable","11":"shipping-taxable","12":"purchasable","13":"product-type-simple"},"acf":[],"_links":{"self":[{"href":"https:\/\/dam-online.de\/en\/wp-json\/wp\/v2\/product\/27598","targetHints":{"allow":["GET"]}}],"collection":[{"href":"https:\/\/dam-online.de\/en\/wp-json\/wp\/v2\/product"}],"about":[{"href":"https:\/\/dam-online.de\/en\/wp-json\/wp\/v2\/types\/product"}],"wp:featuredmedia":[{"embeddable":true,"href":"https:\/\/dam-online.de\/en\/wp-json\/wp\/v2\/media\/7920"}],"wp:attachment":[{"href":"https:\/\/dam-online.de\/en\/wp-json\/wp\/v2\/media?parent=27598"}],"wp:term":[{"taxonomy":"product_brand","embeddable":true,"href":"https:\/\/dam-online.de\/en\/wp-json\/wp\/v2\/product_brand?post=27598"},{"taxonomy":"product_cat","embeddable":true,"href":"https:\/\/dam-online.de\/en\/wp-json\/wp\/v2\/product_cat?post=27598"},{"taxonomy":"product_tag","embeddable":true,"href":"https:\/\/dam-online.de\/en\/wp-json\/wp\/v2\/product_tag?post=27598"}],"curies":[{"name":"wp","href":"https:\/\/api.w.org\/{rel}","templated":true}]}}