{"id":27597,"date":"2021-07-08T14:14:54","date_gmt":"2021-07-08T12:14:54","guid":{"rendered":"https:\/\/dam-online.de\/produkt\/best-highrises-2020-21\/"},"modified":"2022-03-09T15:41:53","modified_gmt":"2022-03-09T14:41:53","slug":"best-highrises-2020-21","status":"publish","type":"product","link":"https:\/\/dam-online.de\/en\/product\/best-highrises-2020-21\/","title":{"rendered":"Best Highrises 2020\/21"},"content":{"rendered":"<p>The International Highrise Award 2020<\/p>\n<p>Internationaler Hochhaus Preis 2020<\/p>\n<p>Peter K\u00f6rner \/ Stefanie Lampe \/ Jonas Malzahn \/ Peter Cachola Schmal (Hg.)<\/p>\n<p>erschienen im JOVIS Verlag; Sprache d\/en<\/p>\n<p>Die Publikation pr\u00e4sentiert neben dem Preistr\u00e4ger 31 herausragende Projekte aus 14 L\u00e4ndern \u2013 unter anderem von Zaha Hadid, OMA und Skidmore, Owings &amp; Merrill\u2013 und dokumentiert damit aktuelle und wichtige Trends der weltweiten Hochhausarchitektur.<\/p>\n<p>Klappenbroschur, 21 x 27 cm, 152 S., zahlreiche farb. Abb. u. Pl\u00e4ne<\/p>\n<p>ISBN-13: 978-3-86859-644-1<\/p>\n<p>EUR 19,00<\/p>\n<p>&nbsp;<\/p>\n","protected":false},"excerpt":{"rendered":"<p>Die Publikation pr\u00e4sentiert neben dem Preistr\u00e4ger 31 herausragende Projekte aus 14 L\u00e4ndern \u2013 unter anderem von Zaha Hadid, OMA und Skidmore, Owings &amp; Merrill\u2013 und dokumentiert damit aktuelle und wichtige Trends der weltweiten Hochhausarchitektur.<\/p>\n","protected":false},"featured_media":21309,"template":"","meta":{"_acf_changed":false,"_et_pb_use_builder":"","_et_pb_old_content":"","_et_gb_content_width":""},"product_brand":[],"product_cat":[372],"product_tag":[],"class_list":{"0":"post-27597","1":"product","2":"type-product","3":"status-publish","4":"has-post-thumbnail","6":"product_cat-book","8":"first","9":"instock","10":"taxable","11":"shipping-taxable","12":"purchasable","13":"product-type-simple"},"acf":[],"_links":{"self":[{"href":"https:\/\/dam-online.de\/en\/wp-json\/wp\/v2\/product\/27597","targetHints":{"allow":["GET"]}}],"collection":[{"href":"https:\/\/dam-online.de\/en\/wp-json\/wp\/v2\/product"}],"about":[{"href":"https:\/\/dam-online.de\/en\/wp-json\/wp\/v2\/types\/product"}],"wp:featuredmedia":[{"embeddable":true,"href":"https:\/\/dam-online.de\/en\/wp-json\/wp\/v2\/media\/21309"}],"wp:attachment":[{"href":"https:\/\/dam-online.de\/en\/wp-json\/wp\/v2\/media?parent=27597"}],"wp:term":[{"taxonomy":"product_brand","embeddable":true,"href":"https:\/\/dam-online.de\/en\/wp-json\/wp\/v2\/product_brand?post=27597"},{"taxonomy":"product_cat","embeddable":true,"href":"https:\/\/dam-online.de\/en\/wp-json\/wp\/v2\/product_cat?post=27597"},{"taxonomy":"product_tag","embeddable":true,"href":"https:\/\/dam-online.de\/en\/wp-json\/wp\/v2\/product_tag?post=27597"}],"curies":[{"name":"wp","href":"https:\/\/api.w.org\/{rel}","templated":true}]}}