{"id":27592,"date":"2021-07-08T14:14:12","date_gmt":"2021-07-08T12:14:12","guid":{"rendered":"https:\/\/dam-online.de\/produkt\/architekturfuehrer-deutschland-2018\/"},"modified":"2022-03-09T15:54:52","modified_gmt":"2022-03-09T14:54:52","slug":"architekturfuehrer-deutschland-2018","status":"publish","type":"product","link":"https:\/\/dam-online.de\/en\/product\/architekturfuehrer-deutschland-2018\/","title":{"rendered":"ARCHITEKTURF\u00dcHRER DEUTSCHLAND 2018"},"content":{"rendered":"<div id=\"ctl00_phMainContainer_ctl01_ctl00_ctl00_rptTeaser_ctl09_pnlText\" class=\"teaserText\">\n<p>Yorck F\u00f6rster, Christina Gr\u00e4we, Peter Cachola Schmal (Hg.)<\/p>\n<p>Erschienen bei DOM publishers<\/p>\n<p>Von garagenklein bis stadtbildpr\u00e4gend: Der Architekturf\u00fchrer 2018 stellt 95 aktuelle Bauwerke aus ganz Deutschland vor. Recherchiert wurden die Bauten vom Deutschen Architekturmuseum (DAM). Au\u00dferdem waren die Architektenkammern der meisten Bundesl\u00e4nder mit Vorschl\u00e4gen an der Auswahl beteiligt. Ein besonderes Augenmerk galt den Planungen von jungen Architekturb\u00fcros. Zusammengetragen wurden hervorstechende Beispiele ganz unterschiedlicher Nutzungen und Gr\u00f6\u00dfenordnungen, seien es Firmensitze oder Kleinstarchitekturen; Gemeindeh\u00e4user, Bildungseinrichtungen, Verkehrsbauten geh\u00f6ren ebenso zu der Auswahl wie Sanierungen und Umbauten ganzer Ensembles. Auffallend im diesj\u00e4hrigen Spektrum sind gleich drei Konzerth\u00e4user mit ganz unterschiedlicher Entstehungsgeschichte. Die aktuelle Dynamik im Wohnungsbau mit verschiedenen Ans\u00e4tzen sowohl in der Wohnungs- und Haustypologie wie auch in der Bautechnik ist anhand der vorgestellten Beispiele deutlich ablesbar. So reicht das Spektrum vom individuellen Privathaus bis zu Modellen des gemeinschaftlichen Wohnens, vom Modulhaus bis zum Wohnhochhaus, vom studentischen Wohnen bis zum Luxussegment.<\/p>\n<p>Softcover, 224 Seiten, 135 \u00d7 245 mm, 660 Abbildungen<\/p>\n<p><strong>EUR 9,50<\/strong><\/p>\n<\/div>\n","protected":false},"excerpt":{"rendered":"<p>Von garagenklein bis stadtbildpr\u00e4gend: Der Architekturf\u00fchrer 2018 stellt 95 aktuelle Bauwerke aus ganz Deutschland vor.<\/p>\n","protected":false},"featured_media":7787,"template":"","meta":{"_acf_changed":false,"_et_pb_use_builder":"","_et_pb_old_content":"","_et_gb_content_width":""},"product_brand":[],"product_cat":[372],"product_tag":[],"hf_cat_product":[],"class_list":{"0":"post-27592","1":"product","2":"type-product","3":"status-publish","4":"has-post-thumbnail","6":"product_cat-book","8":"first","9":"instock","10":"taxable","11":"shipping-taxable","12":"purchasable","13":"product-type-simple"},"acf":[],"_links":{"self":[{"href":"https:\/\/dam-online.de\/en\/wp-json\/wp\/v2\/product\/27592","targetHints":{"allow":["GET"]}}],"collection":[{"href":"https:\/\/dam-online.de\/en\/wp-json\/wp\/v2\/product"}],"about":[{"href":"https:\/\/dam-online.de\/en\/wp-json\/wp\/v2\/types\/product"}],"wp:featuredmedia":[{"embeddable":true,"href":"https:\/\/dam-online.de\/en\/wp-json\/wp\/v2\/media\/7787"}],"wp:attachment":[{"href":"https:\/\/dam-online.de\/en\/wp-json\/wp\/v2\/media?parent=27592"}],"wp:term":[{"taxonomy":"product_brand","embeddable":true,"href":"https:\/\/dam-online.de\/en\/wp-json\/wp\/v2\/product_brand?post=27592"},{"taxonomy":"product_cat","embeddable":true,"href":"https:\/\/dam-online.de\/en\/wp-json\/wp\/v2\/product_cat?post=27592"},{"taxonomy":"product_tag","embeddable":true,"href":"https:\/\/dam-online.de\/en\/wp-json\/wp\/v2\/product_tag?post=27592"},{"taxonomy":"hf_cat_product","embeddable":true,"href":"https:\/\/dam-online.de\/en\/wp-json\/wp\/v2\/hf_cat_product?post=27592"}],"curies":[{"name":"wp","href":"https:\/\/api.w.org\/{rel}","templated":true}]}}