{"id":27591,"date":"2021-07-08T14:14:35","date_gmt":"2021-07-08T12:14:35","guid":{"rendered":"https:\/\/dam-online.de\/produkt\/architekturfuehrer-deutschland-2020\/"},"modified":"2021-07-08T14:14:35","modified_gmt":"2021-07-08T12:14:35","slug":"architekturfuehrer-deutschland-2020","status":"publish","type":"product","link":"https:\/\/dam-online.de\/en\/product\/architekturfuehrer-deutschland-2020\/","title":{"rendered":"Architekturf\u00fchrer Deutschland 2020"},"content":{"rendered":"<p>Herausgegeben von Yorck F\u00f6rster, Christina Gr\u00e4we, Peter Cachola Schmal<\/p>\n<p>DOM publishers<\/p>\n<p>135 x 245 mm, 224 S., 470 Abb.<\/p>\n<p>ISBN 978-3-86922-749-8<\/p>\n<p>Im Museumsshop und im Buchhandel erh\u00e4ltlich f\u00fcr <strong>EUR 28,\u2013<\/strong><\/p>\n","protected":false},"excerpt":{"rendered":"<p>Herausgegeben von Yorck F\u00f6rster, Christina Gr\u00e4we, Peter Cachola Schmal DOM publishers 135 x 245 mm, 224 S., 470 Abb. ISBN 978-3-86922-749-8 Im Museumsshop und im Buchhandel erh\u00e4ltlich f\u00fcr EUR 28,\u2013<\/p>\n","protected":false},"featured_media":12979,"template":"","meta":{"_acf_changed":false,"_et_pb_use_builder":"","_et_pb_old_content":"","_et_gb_content_width":""},"product_brand":[],"product_cat":[372],"product_tag":[],"hf_cat_product":[],"class_list":{"0":"post-27591","1":"product","2":"type-product","3":"status-publish","4":"has-post-thumbnail","6":"product_cat-book","8":"first","9":"instock","10":"taxable","11":"shipping-taxable","12":"purchasable","13":"product-type-simple"},"acf":[],"_links":{"self":[{"href":"https:\/\/dam-online.de\/en\/wp-json\/wp\/v2\/product\/27591","targetHints":{"allow":["GET"]}}],"collection":[{"href":"https:\/\/dam-online.de\/en\/wp-json\/wp\/v2\/product"}],"about":[{"href":"https:\/\/dam-online.de\/en\/wp-json\/wp\/v2\/types\/product"}],"wp:featuredmedia":[{"embeddable":true,"href":"https:\/\/dam-online.de\/en\/wp-json\/wp\/v2\/media\/12979"}],"wp:attachment":[{"href":"https:\/\/dam-online.de\/en\/wp-json\/wp\/v2\/media?parent=27591"}],"wp:term":[{"taxonomy":"product_brand","embeddable":true,"href":"https:\/\/dam-online.de\/en\/wp-json\/wp\/v2\/product_brand?post=27591"},{"taxonomy":"product_cat","embeddable":true,"href":"https:\/\/dam-online.de\/en\/wp-json\/wp\/v2\/product_cat?post=27591"},{"taxonomy":"product_tag","embeddable":true,"href":"https:\/\/dam-online.de\/en\/wp-json\/wp\/v2\/product_tag?post=27591"},{"taxonomy":"hf_cat_product","embeddable":true,"href":"https:\/\/dam-online.de\/en\/wp-json\/wp\/v2\/hf_cat_product?post=27591"}],"curies":[{"name":"wp","href":"https:\/\/api.w.org\/{rel}","templated":true}]}}