{"id":27590,"date":"2021-07-08T14:14:13","date_gmt":"2021-07-08T12:14:13","guid":{"rendered":"https:\/\/dam-online.de\/produkt\/architekturfuehrer-deutschland-2019\/"},"modified":"2022-03-09T16:07:27","modified_gmt":"2022-03-09T15:07:27","slug":"architekturfuehrer-deutschland-2019","status":"publish","type":"product","link":"https:\/\/dam-online.de\/en\/product\/architekturfuehrer-deutschland-2019\/","title":{"rendered":"ARCHITEKTURF\u00dcHRER DEUTSCHLAND 2019"},"content":{"rendered":"<p>Yorck F\u00f6rster, Christina Gr\u00e4we, Peter Cachola Schmal (Hg.)<\/p>\n<p>Vom Umlauftank zum Brauhaus und weiter in die Oper: Der Architekturf\u00fchrer Deutschland 2019 stellt 97 aktuelle Bauwerke vor. Recherchiert wurden die Bauten vom Deutschen Architekturmuseum (DAM). Au\u00dferdem waren die Architektenkammern der meisten Bundesl\u00e4nder mit Vorschl\u00e4gen an der Auswahl beteiligt. Ein besonderes Augenmerk galt den Planungen junger, noch im Aufbau befindlicher B\u00fcros.<\/p>\n<p>135 x 245 mm, 224 Seiten mit 530 Abbildungen, Softcover<\/p>\n<p>ISBN 978-3-86922-714-6<\/p>\n<p><strong>EUR 14,\u2013<\/strong><\/p>\n","protected":false},"excerpt":{"rendered":"<p>Vom Umlauftank zum Brauhaus und weiter in die Oper: Der Architekturf\u00fchrer Deutschland 2019 stellt 97 aktuelle Bauwerke vor.<\/p>\n","protected":false},"featured_media":7784,"template":"","meta":{"_acf_changed":false,"_et_pb_use_builder":"","_et_pb_old_content":"","_et_gb_content_width":""},"product_brand":[],"product_cat":[372],"product_tag":[],"hf_cat_product":[],"class_list":{"0":"post-27590","1":"product","2":"type-product","3":"status-publish","4":"has-post-thumbnail","6":"product_cat-book","8":"first","9":"instock","10":"taxable","11":"shipping-taxable","12":"purchasable","13":"product-type-simple"},"acf":[],"_links":{"self":[{"href":"https:\/\/dam-online.de\/en\/wp-json\/wp\/v2\/product\/27590","targetHints":{"allow":["GET"]}}],"collection":[{"href":"https:\/\/dam-online.de\/en\/wp-json\/wp\/v2\/product"}],"about":[{"href":"https:\/\/dam-online.de\/en\/wp-json\/wp\/v2\/types\/product"}],"wp:featuredmedia":[{"embeddable":true,"href":"https:\/\/dam-online.de\/en\/wp-json\/wp\/v2\/media\/7784"}],"wp:attachment":[{"href":"https:\/\/dam-online.de\/en\/wp-json\/wp\/v2\/media?parent=27590"}],"wp:term":[{"taxonomy":"product_brand","embeddable":true,"href":"https:\/\/dam-online.de\/en\/wp-json\/wp\/v2\/product_brand?post=27590"},{"taxonomy":"product_cat","embeddable":true,"href":"https:\/\/dam-online.de\/en\/wp-json\/wp\/v2\/product_cat?post=27590"},{"taxonomy":"product_tag","embeddable":true,"href":"https:\/\/dam-online.de\/en\/wp-json\/wp\/v2\/product_tag?post=27590"},{"taxonomy":"hf_cat_product","embeddable":true,"href":"https:\/\/dam-online.de\/en\/wp-json\/wp\/v2\/hf_cat_product?post=27590"}],"curies":[{"name":"wp","href":"https:\/\/api.w.org\/{rel}","templated":true}]}}