{"id":27589,"date":"2021-07-08T14:14:13","date_gmt":"2021-07-08T12:14:13","guid":{"rendered":"https:\/\/dam-online.de\/produkt\/architekturfuehrer-deutschland-2017\/"},"modified":"2022-03-09T15:54:29","modified_gmt":"2022-03-09T14:54:29","slug":"architekturfuehrer-deutschland-2017","status":"publish","type":"product","link":"https:\/\/dam-online.de\/en\/product\/architekturfuehrer-deutschland-2017\/","title":{"rendered":"ARCHITEKTURF\u00dcHRER DEUTSCHLAND 2017"},"content":{"rendered":"<p>Yorck F\u00f6rster, Christina Gr\u00e4we, Peter Cachola Schmal (Hg.)<\/p>\n<p>Erschienen bei DOM publishers<\/p>\n<p>Von XS bis XL: Der Architekturf\u00fchrer 2017 stellt 97 aktuelle Bauwerke aus ganz Deutschland vor: private Wohnh\u00e4user ebenso wie urbane Geschossbauten, Verwaltungsgeb\u00e4ude und Museen, Hochschulbauten und Kindertagesst\u00e4tten. Das Spektrum spiegelt mit seinen qualit\u00e4tsvollen Beispielen die Breite des aktuellen Baugeschehens in Deutschland, ob es nun um ein Weiterbauen historischer Scheunen, die k\u00fcnstlerische Gestaltung einer neuen U-Bahn-Linie oder die Sanierung von Bauensembles aus den Sechziger- und Siebzigerjahren geht. Recherchiert wurden die Bauten vom Deutschen Architekturmuseum (DAM). Mit Vorschl\u00e4gen beteiligt waren dar\u00fcber hinaus die Architektenkammern in Baden-W\u00fcrttemberg, Bayern, Berlin, Brandenburg, Bremen, Niedersachsen, Nordrhein-Westfalen, Rheinland-Pfalz, dem Saarland und Sachsen. Eine besondere Aufmerksamkeit galt den Planungen junger Architekten. Die Auswahl bildete die Grundlage f\u00fcr die Jury zum DAM Preis f\u00fcr Architektur in Deutschland 2017.<\/p>\n<p>Softcover, 336 Seiten, 135 \u00d7 245 mm, 750 Abbildungen<\/p>\n<p><strong>EUR 9,50<\/strong><\/p>\n<p>&nbsp;<\/p>\n","protected":false},"excerpt":{"rendered":"<p>Von XS bis XL: Der Architekturf\u00fchrer 2017 stellt 97 aktuelle Bauwerke aus ganz Deutschland vor.<\/p>\n","protected":false},"featured_media":7919,"template":"","meta":{"_acf_changed":false,"_et_pb_use_builder":"","_et_pb_old_content":"","_et_gb_content_width":""},"product_brand":[],"product_cat":[372],"product_tag":[],"class_list":{"0":"post-27589","1":"product","2":"type-product","3":"status-publish","4":"has-post-thumbnail","6":"product_cat-book","8":"first","9":"instock","10":"taxable","11":"shipping-taxable","12":"purchasable","13":"product-type-simple"},"acf":[],"_links":{"self":[{"href":"https:\/\/dam-online.de\/en\/wp-json\/wp\/v2\/product\/27589","targetHints":{"allow":["GET"]}}],"collection":[{"href":"https:\/\/dam-online.de\/en\/wp-json\/wp\/v2\/product"}],"about":[{"href":"https:\/\/dam-online.de\/en\/wp-json\/wp\/v2\/types\/product"}],"wp:featuredmedia":[{"embeddable":true,"href":"https:\/\/dam-online.de\/en\/wp-json\/wp\/v2\/media\/7919"}],"wp:attachment":[{"href":"https:\/\/dam-online.de\/en\/wp-json\/wp\/v2\/media?parent=27589"}],"wp:term":[{"taxonomy":"product_brand","embeddable":true,"href":"https:\/\/dam-online.de\/en\/wp-json\/wp\/v2\/product_brand?post=27589"},{"taxonomy":"product_cat","embeddable":true,"href":"https:\/\/dam-online.de\/en\/wp-json\/wp\/v2\/product_cat?post=27589"},{"taxonomy":"product_tag","embeddable":true,"href":"https:\/\/dam-online.de\/en\/wp-json\/wp\/v2\/product_tag?post=27589"}],"curies":[{"name":"wp","href":"https:\/\/api.w.org\/{rel}","templated":true}]}}