{"id":27584,"date":"2021-07-08T14:14:14","date_gmt":"2021-07-08T12:14:14","guid":{"rendered":"https:\/\/dam-online.de\/produkt\/52-weeks-52-cities-iwan-baan\/"},"modified":"2022-03-09T16:14:17","modified_gmt":"2022-03-09T15:14:17","slug":"52-weeks-52-cities-iwan-baan","status":"publish","type":"product","link":"https:\/\/dam-online.de\/en\/product\/52-weeks-52-cities-iwan-baan\/","title":{"rendered":"52 WEEKS, 52 CITIES \u2014 Iwan Baan"},"content":{"rendered":"<p>[et_pb_section admin_label=&#8221;section&#8221;]<br \/>\n[et_pb_row admin_label=&#8221;row&#8221;]<br \/>\n[et_pb_column type=&#8221;4_4&#8243;][et_pb_text admin_label=&#8221;Text&#8221;]<\/p>\n<p>Erschienen im KEHRER Verlag, deutschenglisch<\/p>\n<p>Herausgeber: Marta Herford gGmbH<\/p>\n<p>Der Ausstellungskatalog pr\u00e4sentiert 52 Fotografien von Iwan Baan, die von pers\u00f6nlichen Erz\u00e4hlungen des Fotografen begleitet werden.<\/p>\n<p>Autoren: Jessica Collins, J\u00f6rg H\u00e4ntzschel, Roland Nachtig\u00e4ller<\/p>\n<p>Gestaltet von Another Something and Company Joachim Baan, Amsterdam<\/p>\n<p><a href=\"http:\/\/www.artbooksheidelberg.com\/html\/detail\/de\/iwan-baan-978-3-86828-477-5.html\" target=\"_blank\" rel=\"noopener noreferrer\">www.artbooksheidelberg.com<\/a><\/p>\n<p>Hardcover, 136 Seiten, 61 Farbabb., Format 30 x 24 cm<\/p>\n<p><strong>EUR 14,\u2013<\/strong><\/p>\n<p>[\/et_pb_text][\/et_pb_column]<br \/>\n[\/et_pb_row]<br \/>\n[\/et_pb_section]<\/p>\n","protected":false},"excerpt":{"rendered":"<p>Der Ausstellungskatalog pr\u00e4sentiert 52 Fotografien von Iwan Baan, die von pers\u00f6nlichen Erz\u00e4hlungen des Fotografen begleitet werden.<\/p>\n","protected":false},"featured_media":7926,"template":"","meta":{"_acf_changed":false,"_et_pb_use_builder":"","_et_pb_old_content":"","_et_gb_content_width":""},"product_brand":[],"product_cat":[372],"product_tag":[],"class_list":{"0":"post-27584","1":"product","2":"type-product","3":"status-publish","4":"has-post-thumbnail","6":"product_cat-book","8":"first","9":"instock","10":"taxable","11":"shipping-taxable","12":"purchasable","13":"product-type-simple"},"acf":[],"_links":{"self":[{"href":"https:\/\/dam-online.de\/en\/wp-json\/wp\/v2\/product\/27584","targetHints":{"allow":["GET"]}}],"collection":[{"href":"https:\/\/dam-online.de\/en\/wp-json\/wp\/v2\/product"}],"about":[{"href":"https:\/\/dam-online.de\/en\/wp-json\/wp\/v2\/types\/product"}],"wp:featuredmedia":[{"embeddable":true,"href":"https:\/\/dam-online.de\/en\/wp-json\/wp\/v2\/media\/7926"}],"wp:attachment":[{"href":"https:\/\/dam-online.de\/en\/wp-json\/wp\/v2\/media?parent=27584"}],"wp:term":[{"taxonomy":"product_brand","embeddable":true,"href":"https:\/\/dam-online.de\/en\/wp-json\/wp\/v2\/product_brand?post=27584"},{"taxonomy":"product_cat","embeddable":true,"href":"https:\/\/dam-online.de\/en\/wp-json\/wp\/v2\/product_cat?post=27584"},{"taxonomy":"product_tag","embeddable":true,"href":"https:\/\/dam-online.de\/en\/wp-json\/wp\/v2\/product_tag?post=27584"}],"curies":[{"name":"wp","href":"https:\/\/api.w.org\/{rel}","templated":true}]}}