{"id":27581,"date":"2021-07-08T14:14:33","date_gmt":"2021-07-08T12:14:33","guid":{"rendered":"https:\/\/dam-online.de\/produkt\/ueberspannend-frankfurter-bruecken-fuer-kinder\/"},"modified":"2022-03-09T16:30:59","modified_gmt":"2022-03-09T15:30:59","slug":"ueberspannend-frankfurter-bruecken-fuer-kinder","status":"publish","type":"product","link":"https:\/\/dam-online.de\/en\/product\/ueberspannend-frankfurter-bruecken-fuer-kinder\/","title":{"rendered":"\u00dcBERSPANNEND \u2014 Frankfurter Br\u00fccken f\u00fcr Kinder"},"content":{"rendered":"<p>Arne Winkelmann, Bettina Gebhardt<\/p>\n<p>Erschienen im ant\u00e6usverlag<\/p>\n<p>Welche ist die l\u00e4ngste Br\u00fccke in Frankfurt? Und wie halten so lange Br\u00fccken \u00fcberhaupt? Welche ist die \u00e4lteste Br\u00fccke in Frankfurt? &#8230; Diese und viele weitere Fragen werden in \u201e\u00dcBERSPANNEND. Frankfurter Br\u00fccken f\u00fcr Kinder\u201c beantwortet. In diesem Buch wird eine Auswahl von 20 Frankfurter Br\u00fccken vorgestellt \u2013 eine Art Architekturf\u00fchrer f\u00fcr Kinder.<\/p>\n<p>Auf Doppelseiten finden sich Informationen zu je einer Br\u00fccke und einen bestimmten Aspekt des Br\u00fcckenbaus wie Grundtypen, Materialien, Konstruktionsformen, Bautechniken, Symbolen, Infrastruktur &#8230; Auf jeder Doppelseite befindet sich auch eine kleine Aufgabe oder ein R\u00e4tsel. Das Maskottchen \u201eMoenus\u201c \u2013 der kleine Flussgott \u2013 taucht mit dem Leser unter den Br\u00fccken hindurch.<\/p>\n<p>\u00dcBERSPANNEND entstand mit der Hilfe und Finanzierung der <a href=\"http:\/\/www.dam-online.de\/freunde\" target=\"_blank\" rel=\"noopener noreferrer\">Gesellschaft der Freunde des Deutschen Architekturmuseums<\/a>. Es ist der zweite Band der Reihe TYPEN DEINER STADT, in der bisher der Titel \u201eHimmelst\u00fcrmend. Frankfurter Hochh\u00e4user f\u00fcr Kinder\u201c erschienen ist.<\/p>\n<p><a href=\"http:\/\/www.dam-online.de\/uploads\/Vermittlung\/Infos_UEBERSPANNEND.pdf\" target=\"_blank\" rel=\"noopener noreferrer\">Infoblatt, PDF-Datei<\/a><\/p>\n<p>ab 8 Jahren, 52 Seiten, Format 16,5 x 23 cm, Hardcover<\/p>\n<p>Im Museumsshop <strong>\u00a0EUR 5<\/strong><\/p>\n","protected":false},"excerpt":{"rendered":"<p>Welche ist die l\u00e4ngste Br\u00fccke in Frankfurt? Und wie halten so lange Br\u00fccken \u00fcberhaupt? Welche ist die \u00e4lteste Br\u00fccke in Frankfurt? &#8230; Diese und viele weitere Fragen werden in \u201e\u00dcBERSPANNEND. Frankfurter Br\u00fccken f\u00fcr Kinder\u201c beantwortet. In diesem Buch wird eine Auswahl von 20 Frankfurter Br\u00fccken vorgestellt \u2013 eine Art Architekturf\u00fchrer f\u00fcr Kinder.<\/p>\n","protected":false},"featured_media":8053,"template":"","meta":{"_acf_changed":false,"_et_pb_use_builder":"","_et_pb_old_content":"","_et_gb_content_width":""},"product_brand":[],"product_cat":[372],"product_tag":[],"class_list":{"0":"post-27581","1":"product","2":"type-product","3":"status-publish","4":"has-post-thumbnail","6":"product_cat-book","8":"first","9":"instock","10":"taxable","11":"shipping-taxable","12":"purchasable","13":"product-type-simple"},"acf":[],"_links":{"self":[{"href":"https:\/\/dam-online.de\/en\/wp-json\/wp\/v2\/product\/27581","targetHints":{"allow":["GET"]}}],"collection":[{"href":"https:\/\/dam-online.de\/en\/wp-json\/wp\/v2\/product"}],"about":[{"href":"https:\/\/dam-online.de\/en\/wp-json\/wp\/v2\/types\/product"}],"wp:featuredmedia":[{"embeddable":true,"href":"https:\/\/dam-online.de\/en\/wp-json\/wp\/v2\/media\/8053"}],"wp:attachment":[{"href":"https:\/\/dam-online.de\/en\/wp-json\/wp\/v2\/media?parent=27581"}],"wp:term":[{"taxonomy":"product_brand","embeddable":true,"href":"https:\/\/dam-online.de\/en\/wp-json\/wp\/v2\/product_brand?post=27581"},{"taxonomy":"product_cat","embeddable":true,"href":"https:\/\/dam-online.de\/en\/wp-json\/wp\/v2\/product_cat?post=27581"},{"taxonomy":"product_tag","embeddable":true,"href":"https:\/\/dam-online.de\/en\/wp-json\/wp\/v2\/product_tag?post=27581"}],"curies":[{"name":"wp","href":"https:\/\/api.w.org\/{rel}","templated":true}]}}