{"id":27579,"date":"2021-07-08T14:14:32","date_gmt":"2021-07-08T12:14:32","guid":{"rendered":"https:\/\/dam-online.de\/produkt\/himmelstuermend-frankfurter-hochhaeuser-fuer-kinder\/"},"modified":"2022-03-09T16:24:59","modified_gmt":"2022-03-09T15:24:59","slug":"himmelstuermend-frankfurter-hochhaeuser-fuer-kinder","status":"publish","type":"product","link":"https:\/\/dam-online.de\/en\/product\/himmelstuermend-frankfurter-hochhaeuser-fuer-kinder\/","title":{"rendered":"HIMMELST\u00dcRMEND \u2014 Frankfurter Hochh\u00e4user f\u00fcr Kinder"},"content":{"rendered":"<p>Arne Winkelmann, Bettina Gebhardt<\/p>\n<p>Marietta Andreas (Hrsg.), Christina Budde (Hrsg.)<\/p>\n<p>Erschienen im\u00a0<a href=\"http:\/\/www.antaeusverlag.de\/\" target=\"_blank\" rel=\"noopener noreferrer\">ant\u00e6usverlag<\/a>\u00a0zur Ausstellung HIMMELST\u00dcRMEND \u2013 Hochhausstadt Frankfurt<\/p>\n<p>Welches ist das h\u00f6chste Hochhaus in Frankfurt? Ab welcher Geb\u00e4udeh\u00f6he spricht man eigentlich von einem Hochhaus? Welches war das erste Hochhaus in Frankfurt? \u2026 Diese und viele weitere Fragen werden in &#8220;HIMMELST\u00dcRMEND. Frankfurter Hochh\u00e4user f\u00fcr Kinder&#8221; beantwortet. In diesem Buch wird eine Auswahl von 20 Frankfurter Hochh\u00e4usern vorgestellt \u2013 ein Architekturf\u00fchrer f\u00fcr Kinder. Auf Doppelseiten finden sich Informationen zu je einem Hochhaus und einen bestimmten Aspekt des Hochhausbaus wie: Hochh\u00e4user als Zeichen, H\u00f6henrekorde, Namensgebung, \u00d6kologie, Formgebung, Stadtsilhouette \u2026 Auf jeder Doppelseite befindet sich auch eine kleine Aufgabe oder ein R\u00e4tsel. Das Maskottchen &#8220;Messi&#8221; \u2013 der kleine Messeturm \u2013 begleitet den Leser durch den Hochhausdschungel.<\/p>\n<p><a href=\"http:\/\/www.dam-online.de\/uploads\/Freunde\/Info_HIMMELSTUERMEND.pdf\" target=\"_blank\" rel=\"noopener noreferrer\">Infoblatt, PDF-Datei<\/a><\/p>\n<p>Das Buch entstand mit der Hilfe und Finanzierung der\u00a0<a href=\"http:\/\/www.dam-online.de\/portal\/de\/GesellschaftderFreunde\/Start\/0\/0\/0\/0\/1589.aspx\" target=\"_blank\" rel=\"noopener noreferrer\">Gesellschaft der Freunde des Deutschen Architekturmuseums<\/a>.<\/p>\n<p>Hardcover, 52 Seiten, 16,5 x 23 cm<\/p>\n<p>Im Museumsshop, der\u00a0Autorenbuchhandlung Marx &amp; Co und zahlreichen anderen Frankfurter Buchhandlungen<strong> EUR 5<\/strong><\/p>\n","protected":false},"excerpt":{"rendered":"<p>Welches ist das h\u00f6chste Hochhaus in Frankfurt? Ab welcher Geb\u00e4udeh\u00f6he spricht man eigentlich von einem Hochhaus? Welches war das erste Hochhaus in Frankfurt?<\/p>\n","protected":false},"featured_media":7929,"template":"","meta":{"_acf_changed":false,"_et_pb_use_builder":"","_et_pb_old_content":"","_et_gb_content_width":""},"product_brand":[],"product_cat":[372],"product_tag":[],"hf_cat_product":[],"class_list":{"0":"post-27579","1":"product","2":"type-product","3":"status-publish","4":"has-post-thumbnail","6":"product_cat-book","8":"first","9":"instock","10":"taxable","11":"shipping-taxable","12":"purchasable","13":"product-type-simple"},"acf":[],"_links":{"self":[{"href":"https:\/\/dam-online.de\/en\/wp-json\/wp\/v2\/product\/27579","targetHints":{"allow":["GET"]}}],"collection":[{"href":"https:\/\/dam-online.de\/en\/wp-json\/wp\/v2\/product"}],"about":[{"href":"https:\/\/dam-online.de\/en\/wp-json\/wp\/v2\/types\/product"}],"wp:featuredmedia":[{"embeddable":true,"href":"https:\/\/dam-online.de\/en\/wp-json\/wp\/v2\/media\/7929"}],"wp:attachment":[{"href":"https:\/\/dam-online.de\/en\/wp-json\/wp\/v2\/media?parent=27579"}],"wp:term":[{"taxonomy":"product_brand","embeddable":true,"href":"https:\/\/dam-online.de\/en\/wp-json\/wp\/v2\/product_brand?post=27579"},{"taxonomy":"product_cat","embeddable":true,"href":"https:\/\/dam-online.de\/en\/wp-json\/wp\/v2\/product_cat?post=27579"},{"taxonomy":"product_tag","embeddable":true,"href":"https:\/\/dam-online.de\/en\/wp-json\/wp\/v2\/product_tag?post=27579"},{"taxonomy":"hf_cat_product","embeddable":true,"href":"https:\/\/dam-online.de\/en\/wp-json\/wp\/v2\/hf_cat_product?post=27579"}],"curies":[{"name":"wp","href":"https:\/\/api.w.org\/{rel}","templated":true}]}}