{"id":27570,"date":"2021-07-08T14:15:32","date_gmt":"2021-07-08T12:15:32","guid":{"rendered":"https:\/\/dam-online.de\/produkt\/johannes-peter-hoelzinger-psychodynamische-raumstrukturen-ein-werkbuch\/"},"modified":"2021-07-08T14:15:32","modified_gmt":"2021-07-08T12:15:32","slug":"johannes-peter-hoelzinger-psychodynamische-raumstrukturen-ein-werkbuch","status":"publish","type":"product","link":"https:\/\/dam-online.de\/en\/product\/johannes-peter-hoelzinger-psychodynamische-raumstrukturen-ein-werkbuch\/","title":{"rendered":"JOHANNES PETER H\u00d6LZINGER \u2013PSYCHODYNAMISCHE RAUMSTRUKTUREN \u2013  EIN WERKBUCH"},"content":{"rendered":"<p class=\"Default\"><span style=\"font-size: 10.0pt\">Peter Cachola Schmal \/ Yorck F\u00f6rster (Hrsg.):<\/p>\n<p><\/span>Erschienen bei Edition Axel Menges, Stuttgart\/London 2012<\/p>\n<p>englisch \/ deutsch; 400 Seiten, mit ca. 750 Abbildungen; Format 24,2 x 29,7 cm, Hardcover<\/p>\n<p>Mit Beitr\u00e4gen von Gerd de Bruyn, Peter Cachola Schmal, Andreas Denk, Yorck F\u00f6rster, Johannes Peter H\u00f6lzinger und Gerd Wei\u00df.<\/p>\n<p>Mit Fotos von Norbert Miguletz u.a.<\/p>\n<p>ISBN: 978-3-936681-61-1<\/p>\n<p>EUR 9<\/p>\n<p class=\"Default\">\n","protected":false},"excerpt":{"rendered":"<p>Peter Cachola Schmal \/ Yorck F\u00f6rster (Hrsg.):<\/p>\n<p>Erschienen bei Edition Axel Menges, Stuttgart\/London 2012<\/p>\n<p>englisch \/ deutsch; 400 Seiten, mit ca. 750 Abbildungen; Format 24,2 x 29,7 cm, Hardcover<\/p>\n<p>Mit Beitr\u00e4gen von Gerd de Bruyn, Peter Cachola Schmal, Andreas Denk, Yorck F\u00f6rster, Johannes Peter H\u00f6lzinger und Gerd Wei\u00df.<\/p>\n<p>Mit Fotos von Norbert Miguletz u.a.<\/p>\n","protected":false},"featured_media":22176,"template":"","meta":{"_acf_changed":false,"_et_pb_use_builder":"","_et_pb_old_content":"","_et_gb_content_width":""},"product_brand":[],"product_cat":[372],"product_tag":[],"hf_cat_product":[],"class_list":{"0":"post-27570","1":"product","2":"type-product","3":"status-publish","4":"has-post-thumbnail","6":"product_cat-book","8":"first","9":"instock","10":"taxable","11":"shipping-taxable","12":"purchasable","13":"product-type-simple"},"acf":[],"_links":{"self":[{"href":"https:\/\/dam-online.de\/en\/wp-json\/wp\/v2\/product\/27570","targetHints":{"allow":["GET"]}}],"collection":[{"href":"https:\/\/dam-online.de\/en\/wp-json\/wp\/v2\/product"}],"about":[{"href":"https:\/\/dam-online.de\/en\/wp-json\/wp\/v2\/types\/product"}],"wp:featuredmedia":[{"embeddable":true,"href":"https:\/\/dam-online.de\/en\/wp-json\/wp\/v2\/media\/22176"}],"wp:attachment":[{"href":"https:\/\/dam-online.de\/en\/wp-json\/wp\/v2\/media?parent=27570"}],"wp:term":[{"taxonomy":"product_brand","embeddable":true,"href":"https:\/\/dam-online.de\/en\/wp-json\/wp\/v2\/product_brand?post=27570"},{"taxonomy":"product_cat","embeddable":true,"href":"https:\/\/dam-online.de\/en\/wp-json\/wp\/v2\/product_cat?post=27570"},{"taxonomy":"product_tag","embeddable":true,"href":"https:\/\/dam-online.de\/en\/wp-json\/wp\/v2\/product_tag?post=27570"},{"taxonomy":"hf_cat_product","embeddable":true,"href":"https:\/\/dam-online.de\/en\/wp-json\/wp\/v2\/hf_cat_product?post=27570"}],"curies":[{"name":"wp","href":"https:\/\/api.w.org\/{rel}","templated":true}]}}