{"id":61362,"date":"2025-07-16T16:38:32","date_gmt":"2025-07-16T14:38:32","guid":{"rendered":"https:\/\/dam-online.de\/herbstakademie-2025-city-care-commons-100-jahre-neues-frankfurt\/"},"modified":"2025-09-16T12:47:12","modified_gmt":"2025-09-16T10:47:12","slug":"autumn-academy-2025-city-care-commons-100-years-neues-frankfurt","status":"publish","type":"page","link":"https:\/\/dam-online.de\/en\/autumn-academy-2025-city-care-commons-100-years-neues-frankfurt\/","title":{"rendered":"Autumn Academy 2025:  City \/ Care \/ Commons \u2013 100 Years Neues Frankfurt"},"content":{"rendered":"<p>[et_pb_section fb_built=&#8221;1&#8243; _builder_version=&#8221;4.16&#8243; global_colors_info=&#8221;{}&#8221;][et_pb_row _builder_version=&#8221;4.27.4&#8243; _module_preset=&#8221;default&#8221; locked=&#8221;off&#8221; global_colors_info=&#8221;{}&#8221;][et_pb_column type=&#8221;4_4&#8243; _builder_version=&#8221;4.27.4&#8243; _module_preset=&#8221;default&#8221; global_colors_info=&#8221;{}&#8221;][et_pb_text disabled_on=&#8221;on|on|on&#8221; admin_label=&#8221;DAM-Headline-Oswald&#8221; module_id=&#8221;dam-headline-oswald&#8221; _builder_version=&#8221;4.27.4&#8243; text_font_size=&#8221;61px&#8221; z_index_tablet=&#8221;500&#8243; disabled=&#8221;on&#8221; saved_tabs=&#8221;all&#8221; global_colors_info=&#8221;{}&#8221;]<\/p>\n<h2>Herbstakademie: City \/ Care \/ Commons \u2013 100 Jahre Neues Frankfurt<\/h2>\n<p><\/p>\n<p>&nbsp;<\/p>\n<p>[\/et_pb_text][et_pb_image src=&#8221;https:\/\/dam-online.de\/wp-content\/uploads\/2025\/07\/Herbstakademie_Hederbild_NEU-scaled.jpg&#8221; title_text=&#8221;Herbstakademie_Hederbild_NEU&#8221; admin_label=&#8221;Headerbild Herbstakademie&#8221; _builder_version=&#8221;4.27.4&#8243; _module_preset=&#8221;default&#8221; global_colors_info=&#8221;{}&#8221;][\/et_pb_image][et_pb_text admin_label=&#8221;DAM-Headline-Oswald&#8221; module_id=&#8221;dam-headline-oswald&#8221; _builder_version=&#8221;4.27.4&#8243; text_font_size=&#8221;61px&#8221; hover_enabled=&#8221;0&#8243; z_index_tablet=&#8221;500&#8243; saved_tabs=&#8221;all&#8221; locked=&#8221;off&#8221; global_colors_info=&#8221;{}&#8221; sticky_enabled=&#8221;0&#8243;]<\/p>\n<h1>Application period closed!<\/h1>\n<p>[\/et_pb_text][et_pb_text admin_label=&#8221;Einf\u00fchrungstext&#8221; _builder_version=&#8221;4.27.4&#8243; _module_preset=&#8221;default&#8221; hover_enabled=&#8221;0&#8243; global_colors_info=&#8221;{}&#8221; sticky_enabled=&#8221;0&#8243;]<\/p>\n<p><b>Autumn Academy<\/b><\/p>\n<p>&nbsp;<\/p>\n<p>&nbsp;<\/p>\n<p>The seminars are also open to English-speaking participants. The supporting programme will be predominantly in German.<\/p>\n<p>With the concepts of urban commons and caring cities, the Autumn Academy is dedicated to current questions of urban development: What solutions are there for a housing and land policy geared towards the common good? How can the current housing stock be repurposed? What urban care infrastructures do we need? And how can care work be communalised? The aim is to develop approaches for a socially, ecologically and economically just city from a transdisciplinary perspective under the leitmotif of City \/ Care \/ Commons.<\/p>\n<p>&#8211; Learning from das Neue Frankfurt for the future, in the combination of science, urban politics, administration and civil society.<\/p>\n<p>&#8211; Research-based learning in a morning seminar structure with selected mentors. The supporting programme includes excursions, visits to exhibitions and evening events.<\/p>\n<p><strong>Mentors<\/strong><\/p>\n<p>Prof. Dr.-Ing. Paola Alfaro &#8211; d&#8217;Alen\u00e7on, Prof. Dr Gabu Heindl, Prof. Folke K\u00f6bberling, Prof. Dr Elke Krasny, Prof. Dr.-Ing. Ren\u00e9e Tribble<\/p>\n<p>Please send your application with a description of your main areas of interest of max. 2,000 characters and a short CV of approx. 500 characters by 15.09.2025. Please indicate your first and second choice of which mentor you would like to attend a seminar with during the Autumn Academy: city-care-commons@stadt-frankfurt.de<\/p>\n<p>If you have any questions, please contact:<\/p>\n<p>Jorun Jensen (Deutsches Architekturmuseum): jorun.jensen@stadt-frankfurt.de<\/p>\n<p>[\/et_pb_text][\/et_pb_column][\/et_pb_row][\/et_pb_section]<\/p>\n","protected":false},"excerpt":{"rendered":"<p>Herbstakademie: City \/ Care \/ Commons \u2013 100 Jahre Neues Frankfurt&nbsp;Application period closed!Autumn Academy &nbsp; &nbsp; The seminars are also open to English-speaking participants. The supporting programme will be predominantly [&hellip;]<\/p>\n","protected":false},"author":7,"featured_media":0,"parent":0,"menu_order":0,"comment_status":"closed","ping_status":"closed","template":"","meta":{"_acf_changed":false,"_et_pb_use_builder":"on","_et_pb_old_content":"","_et_gb_content_width":"","footnotes":""},"hf_cat_page":[],"class_list":["post-61362","page","type-page","status-publish","hentry"],"acf":[],"_links":{"self":[{"href":"https:\/\/dam-online.de\/en\/wp-json\/wp\/v2\/pages\/61362","targetHints":{"allow":["GET"]}}],"collection":[{"href":"https:\/\/dam-online.de\/en\/wp-json\/wp\/v2\/pages"}],"about":[{"href":"https:\/\/dam-online.de\/en\/wp-json\/wp\/v2\/types\/page"}],"author":[{"embeddable":true,"href":"https:\/\/dam-online.de\/en\/wp-json\/wp\/v2\/users\/7"}],"replies":[{"embeddable":true,"href":"https:\/\/dam-online.de\/en\/wp-json\/wp\/v2\/comments?post=61362"}],"version-history":[{"count":0,"href":"https:\/\/dam-online.de\/en\/wp-json\/wp\/v2\/pages\/61362\/revisions"}],"wp:attachment":[{"href":"https:\/\/dam-online.de\/en\/wp-json\/wp\/v2\/media?parent=61362"}],"wp:term":[{"taxonomy":"hf_cat_page","embeddable":true,"href":"https:\/\/dam-online.de\/en\/wp-json\/wp\/v2\/hf_cat_page?post=61362"}],"curies":[{"name":"wp","href":"https:\/\/api.w.org\/{rel}","templated":true}]}}