{"id":28174,"date":"2021-08-30T12:19:01","date_gmt":"2021-08-30T10:19:01","guid":{"rendered":"https:\/\/dam-online.de\/?page_id=28174"},"modified":"2023-11-06T14:31:11","modified_gmt":"2023-11-06T13:31:11","slug":"impressum","status":"publish","type":"page","link":"https:\/\/dam-online.de\/en\/impressum\/","title":{"rendered":"Imprint"},"content":{"rendered":"<p>Responsible for the contents<br \/>\naccording German media law and \u00a7 5 Telemediengesetz TMG:<\/p>\n<p>The Deutsches Architekturmuseum (DAM) is a museum of the City of Frankfurt.<\/p>\n<p>Deutsches Architekturmuseum (DAM)<br \/>\nSchaumainkai 43<br \/>\n60596 Frankfurt am Main<br \/>\nGermany<\/p>\n<p><strong>Umsatzsteueridentifikationsnummer:<\/strong><br \/>\nDE 114110388<\/p>\n<p><strong>Director:<\/strong><br \/>\nPeter Cachola Schmal<br \/>\nT +49 (0)69 \u2013 212 363 13<br \/>\n<a href=\"mailto:peter.schmal@stadt-frankfurt.de\">peter.schmal@stadt-frankfurt.de<\/a><\/p>\n<p><strong>Technical Implementation:<\/strong><br \/>\n<a href=\"http:\/\/neue-raeumlichkeit.net\">Neue R\u00e4umlichkeit<\/a><\/p>\n<p><strong>Corporate Design<\/strong>:<br \/>\n<a href=\"http:\/\/gardeners.de\">GARDENERS<\/a><\/p>\n<p><strong>Webmaster<\/strong><br \/>\nPublic Relations, webmaster@dam-online.de<\/p>\n<p><strong>Photos of the DAM exhibitions:<\/strong><br \/>\nMoritz Bernoully<\/p>\n<p><strong>Portraits of DAM staff members:<\/strong><br \/>\nKirsten Bucher<\/p>\n<p><strong>Legal notice<\/strong> (in German):<br \/>\nAlle Texte, alle Fotos, alle Gestaltungselemente dieser Site sind \u2013 sofern nicht ein anderes Copyright angegeben ist, urheberrechtlich gesch\u00fctzt. Jede Verwertung au\u00dferhalb der engen Grenzen des Urheberrechtsgesetzes ist ohne Zustimmung der\/s Inhaber\/s der Rechte unzul\u00e4ssig und strafbar.<\/p>\n<p>Wir haben auf unseren Seiten Links zu anderen Seiten im Internet. F\u00fcr alle diese Links gilt, dass wir keinerlei Einfluss auf die Gestaltung und die Inhalte der gelinkten Seiten haben. Deswegen \u00fcbernehmen wir auch keinerlei Verantwortung f\u00fcr Inhalt und Gestaltung dieser Seiten. Diese Erkl\u00e4rung gilt f\u00fcr alle auf unserer Internetpr\u00e4senz angezeigten Links und f\u00fcr alle Inhalte der Seiten, zu denen die bei uns angemeldeten Links und ggf. Banner f\u00fchren.<\/p>\n<p><!--<strong>Webmaster:<\/strong> Presse- und \u00d6ffentlichkeitsarbeit, webmaster (at) dam-online.de\n\n<strong>Verantwortlich f\u00fcr die Inhalte<\/strong>\ngem\u00e4\u00df Presserecht und \u00a7 5 des Telemediengesetzes TMG:\n\nDas Deutsche Architekturmuseum (DAM) ist ein Museum der Stadt Frankfurt am Main.\n\nDeutsches Architekturmuseum (DAM)\nSchaumainkai 43\n60596 Frankfurt am Main\n\nUmsatzsteueridentifikationsnummer: DE 114110388\n\nLeitender Direktor:\nPeter Cachola Schmal\nTel 069 \/ 212-36313\nFax 069 \/ 212-36386\npeter.schmal (at) stadt-frankfurt.de\n\n<strong>Umsetzung:\n<\/strong>NEUE R\u00c4UMLICHKEIT Stefan Ammon\n\n<strong>Design:<\/strong>\n<a href=\"http:\/\/www.gardeners.de\/\">GARDENERS<\/a>\n\n<strong>Fotos:\n<\/strong>Kirsten Bucher (Portr\u00e4ts)\nMoritz Bernoully (Ausstellungsdokumentation)\n\n<strong>Rechtlicher Hinweis:<\/strong>\nAlle Texte, alle Fotos, alle Gestaltungselemente dieser Site sind \u2013 sofern nicht ein anderes Copyright angegeben ist, urheberrechtlich gesch\u00fctzt. Jede Verwertung au\u00dferhalb der engen Grenzen des Urheberrechtsgesetzes ist ohne Zustimmung der\/s Inhaber\/s der Rechte unzul\u00e4ssig und strafbar.\n\nWir haben auf unseren Seiten Links zu anderen Seiten im Internet. F\u00fcr alle diese Links gilt, dass wir keinerlei Einfluss auf die Gestaltung und die Inhalte der gelinkten Seiten haben. Deswegen \u00fcbernehmen wir auch keinerlei Verantwortung f\u00fcr Inhalt und Gestaltung dieser Seiten. Diese Erkl\u00e4rung gilt f\u00fcr alle auf unserer Internetpr\u00e4senz angezeigten Links und f\u00fcr alle Inhalte der Seiten, zu denen die bei uns angemeldeten Links und ggf. Banner f\u00fchren. --><\/p>\n","protected":false},"excerpt":{"rendered":"<p>Responsible for the contents according German media law and \u00a7 5 Telemediengesetz TMG: The Deutsches Architekturmuseum (DAM) is a museum of the City of Frankfurt. Deutsches Architekturmuseum (DAM) Schaumainkai 43 [&hellip;]<\/p>\n","protected":false},"author":7,"featured_media":0,"parent":0,"menu_order":6,"comment_status":"closed","ping_status":"closed","template":"","meta":{"_acf_changed":false,"_et_pb_use_builder":"on","_et_pb_old_content":"","_et_gb_content_width":"","footnotes":""},"hf_cat_page":[],"class_list":["post-28174","page","type-page","status-publish","hentry"],"acf":[],"_links":{"self":[{"href":"https:\/\/dam-online.de\/en\/wp-json\/wp\/v2\/pages\/28174","targetHints":{"allow":["GET"]}}],"collection":[{"href":"https:\/\/dam-online.de\/en\/wp-json\/wp\/v2\/pages"}],"about":[{"href":"https:\/\/dam-online.de\/en\/wp-json\/wp\/v2\/types\/page"}],"author":[{"embeddable":true,"href":"https:\/\/dam-online.de\/en\/wp-json\/wp\/v2\/users\/7"}],"replies":[{"embeddable":true,"href":"https:\/\/dam-online.de\/en\/wp-json\/wp\/v2\/comments?post=28174"}],"version-history":[{"count":0,"href":"https:\/\/dam-online.de\/en\/wp-json\/wp\/v2\/pages\/28174\/revisions"}],"wp:attachment":[{"href":"https:\/\/dam-online.de\/en\/wp-json\/wp\/v2\/media?parent=28174"}],"wp:term":[{"taxonomy":"hf_cat_page","embeddable":true,"href":"https:\/\/dam-online.de\/en\/wp-json\/wp\/v2\/hf_cat_page?post=28174"}],"curies":[{"name":"wp","href":"https:\/\/api.w.org\/{rel}","templated":true}]}}