{"id":11709,"date":"2019-07-24T17:28:22","date_gmt":"2019-07-24T15:28:22","guid":{"rendered":"https:\/\/dam-online.de\/oeffnungszeiten\/"},"modified":"2019-07-24T17:28:22","modified_gmt":"2019-07-24T15:28:22","slug":"oeffnungszeiten","status":"publish","type":"page","link":"https:\/\/dam-online.de\/en\/visit\/information-service\/oeffnungszeiten\/","title":{"rendered":"\u00d6ffnungszeiten"},"content":{"rendered":"<p>[et_pb_section bb_built=&#8221;1&#8243;][et_pb_row][et_pb_column type=&#8221;4_4&#8243;][et_pb_text _builder_version=&#8221;3.17.6&#8243;]<\/p>\n<p>DEUTSCHES ARCHITEKTURMUSEUM (DAM)<br \/>Schaumainkai 43<br \/>60596 Frankfurt am Main<br \/>T: 069-212-38844<br \/>info.dam@stadt-frankfurt.de<br \/>www.dam-online.de<\/p>\n<p><strong>Di, Do bis So 11\u201318 Uhr<br \/>Mi 11\u201320 Uhr<br \/>Mo geschlossen<\/strong><\/p>\n<p>EINTRITTSPREISE<br \/>Eintritt DAM: <strong>EUR 9,\u2013<\/strong><br \/>Eintritt DAM erm\u00e4\u00dfigt: <strong>EUR 4.50<\/strong><\/p>\n<p><u>Sonder\u00f6ffnungszeiten<\/u><\/p>\n<p>Tag der Deutschen Einheit, Mittwoch, den 3. Oktober 2018, 11 \u2013 20 Uhr<br \/>Heiligabend, Montag, den 24. Dezember 2018, geschlossen<br \/>1. Weihnachtsfeiertag, Dienstag, den 25. Dezember 2018, geschlossen <br \/>2. Weihnachtsfeiertag, Mittwoch, den 26. Dezember 2018, 11 \u2013 20 Uhr<br \/>Silvester, Montag, den 31. Dezember 2018, 11 \u2013 18 Uhr<br \/>Neujahrstag, Dienstag, den 1. Januar 2019, geschlossen<br \/>Fastnachtsdienstag, Dienstag, den 5. M\u00e4rz 2019, 11 \u2013 18 Uhr<\/p>\n<p>DAM BIBLIOTHEK<br \/>Hedderichstra\u00dfe 108\u2013110<br \/>60596 Frankfurt am Main<br \/>T: 069-212-30827<br \/>allgemeine Mailadresse?<\/p>\n<p><strong>Di, Mi, Do 13\u201317 Uhr<\/p>\n<p><\/strong><em>Au\u00dferhalb dieser Zeiten ist eine Benutzung der Bibliothek auf Voranmeldung m\u00f6glich.<\/em><\/p>\n<p>DAM ARCHIV<br \/>Hedderichstra\u00dfe 108\u2013110<br \/>60596 Frankfurt am Main<br \/>T: 069-212-30831<br \/>allgemeine Mailadresse?<\/p>\n<p>Das Archiv des DAM ist <strong>nicht allgemein zug\u00e4nglich<\/strong>.<\/p>\n<p><em>Interessierte erhalten auf Anfrage Einblick in Bereiche der Sammlung.<\/em><\/p>\n<p>[\/et_pb_text][\/et_pb_column][\/et_pb_row][\/et_pb_section]<\/p>\n","protected":false},"excerpt":{"rendered":"<p><div class=\"et_pb_row et_pb_row_0 et_pb_row_empty\">\n\t\t\t\t\n\t\t\t\t\n\t\t\t\t\n\t\t\t\t\n\t\t\t\t\n\t\t\t<\/div> DEUTSCHES ARCHITEKTURMUSEUM (DAM)Schaumainkai 4360596 Frankfurt am MainT: 069-212-38844info.dam@stadt-frankfurt.dewww.dam-online.deDi, Do bis So 11\u201318 UhrMi 11\u201320 UhrMo geschlossenEINTRITTSPREISEEintritt DAM: EUR 9,\u2013Eintritt DAM erm\u00e4\u00dfigt: EUR 4.50Sonder\u00f6ffnungszeitenTag der Deutschen Einheit, Mittwoch, den 3. [&hellip;]<\/p>\n","protected":false},"author":2,"featured_media":0,"parent":11733,"menu_order":0,"comment_status":"closed","ping_status":"closed","template":"","meta":{"_acf_changed":false,"_et_pb_use_builder":"on","_et_pb_old_content":"<p><strong>\u00d6FFNUNGSZEITEN MUSEUM<\/strong><br \/>Di, Do bis So 11\u201318 Uhr<br \/>Mi 11\u201320 Uhr<br \/>Mo geschlossen<\/p><p>Fastnachtsdienstag,\u00a0Dienstag, 13.02.2018,\u00a011 \u2013 18 Uhr<br \/>Karfreitag, Freitag, 30.03.2018,\u00a011 \u2013 18 Uhr<br \/>Ostersonntag, Sonntag, 01.04.2018,\u00a011 \u2013 18 Uhr<br \/>Ostermontag, Montag, 02.04.2018,\u00a011 \u2013 18 Uhr<br \/>Tag der Arbeit, Dienstag, 01.05.2018,\u00a011- 18 Uhr<br \/>Christi Himmelfahrt, Donnerstag, 10.05.2018,\u00a011 \u2013 18 Uhr<br \/>Pfingstsonntag, Sonntag, 20.05.2018,\u00a011 \u2013 18 Uhr<br \/>Pfingstmontag, Montag, 21.05.2018,\u00a011 \u2013 18 Uhr<br \/>W\u00e4ldchestag, Dienstag, 22.05.2018\u00a011 \u2013 18 Uhr<br \/>Fronleichnam, Donnerstag, 31.05.2018,\u00a011 \u2013 18 Uhr<\/p><p><strong>\u00d6FFNUNGSZEITEN BIBLIOTHEK<\/strong><br \/>Hedderichstra\u00dfe 108\u2013110, 60596 Frankfurt am Main<br \/>Di, Mi, Do 13\u201317 Uhr<br \/>Au\u00dferhalb dieser Zeiten ist eine Benutzung der Bibliothek auf Voranmeldung m\u00f6glich.<\/p><p><strong>Bitte beachten Sie: Die Bibliothek ist am 5.4. und vom 15. \u2013 17.5. geschlossen.<\/strong><\/p><p><strong>SAMMLUNG<\/strong><br \/>Hedderichstra\u00dfe 108\u2013110, 60596 Frankfurt am Main<br \/>Das Archiv des DAM ist nicht allgemein zug\u00e4nglich; interessierte Laien, Studenten und Wissenschaftler erhalten aber auf Anfrage Einblick in Bereiche der Sammlung.<\/p>","_et_gb_content_width":"","footnotes":""},"hf_cat_page":[],"class_list":["post-11709","page","type-page","status-publish","hentry"],"acf":[],"_links":{"self":[{"href":"https:\/\/dam-online.de\/en\/wp-json\/wp\/v2\/pages\/11709","targetHints":{"allow":["GET"]}}],"collection":[{"href":"https:\/\/dam-online.de\/en\/wp-json\/wp\/v2\/pages"}],"about":[{"href":"https:\/\/dam-online.de\/en\/wp-json\/wp\/v2\/types\/page"}],"author":[{"embeddable":true,"href":"https:\/\/dam-online.de\/en\/wp-json\/wp\/v2\/users\/2"}],"replies":[{"embeddable":true,"href":"https:\/\/dam-online.de\/en\/wp-json\/wp\/v2\/comments?post=11709"}],"version-history":[{"count":0,"href":"https:\/\/dam-online.de\/en\/wp-json\/wp\/v2\/pages\/11709\/revisions"}],"up":[{"embeddable":true,"href":"https:\/\/dam-online.de\/en\/wp-json\/wp\/v2\/pages\/11733"}],"wp:attachment":[{"href":"https:\/\/dam-online.de\/en\/wp-json\/wp\/v2\/media?parent=11709"}],"wp:term":[{"taxonomy":"hf_cat_page","embeddable":true,"href":"https:\/\/dam-online.de\/en\/wp-json\/wp\/v2\/hf_cat_page?post=11709"}],"curies":[{"name":"wp","href":"https:\/\/api.w.org\/{rel}","templated":true}]}}