{"id":11708,"date":"2019-07-24T17:26:13","date_gmt":"2019-07-24T15:26:13","guid":{"rendered":"https:\/\/dam-online.de\/eintritt\/"},"modified":"2026-02-09T10:52:28","modified_gmt":"2026-02-09T09:52:28","slug":"eintritt","status":"publish","type":"page","link":"https:\/\/dam-online.de\/en\/visit\/information-service\/eintritt\/","title":{"rendered":"Eintritt"},"content":{"rendered":"<p>EINTRITTSPREISE<br \/>\nEintritt DAM: <strong>EUR 12,\u2013<\/strong><br \/>\nEintritt DAM erm\u00e4\u00dfigt: <strong>EUR 7<\/strong><\/p>\n<p><u>Erm\u00e4\u00dfigten Eintritt zu den Ausstellungen erhalten: <\/u><\/p>\n<p>Sch\u00fcler und Studierende \u00fcber 18 Jahre<br \/>\nAuszubildende<br \/>\nArbeitslose<br \/>\nBundesfreiwilligendienstleistende<br \/>\nMenschen mit Behinderung mit einem Grad der Behinderung (GdB) ab 50 %<br \/>\nInhaber der Frankfurt Card<br \/>\nGruppen ab 20 Personen<\/p>\n<p><u>Freien Eintritt zu den Ausstellungen erhalten: <\/u><\/p>\n<p>Kinder und Jugendliche bis 18 Jahre<br \/>\nStudierende der Goethe-Universit\u00e4t und der Frankfurt University of Applied Sciences<br \/>\nMitglieder des F\u00f6rdervereins<br \/>\nInhaber der DAM-Karte, der Museumsufer-Card und des Museumsufer-Tickets<br \/>\nMitglieder der AKH<br \/>\nICOM-Mitglieder<br \/>\nBesucher aus den Partnerst\u00e4dten<br \/>\nnotwendige Begleitpersonen f\u00fcr behinderte Menschen<\/p>\n<p>F\u00fcr Inhaber des Frankfurt-Passes und Gefl\u00fcchtete gilt ein erm\u00e4\u00dfigter Eintritt f\u00fcr Erwachsene von einem Euro.<\/p>\n<p><em>Jeweils gegen Vorlage eines entsprechenden Ausweises.<\/em><\/p>\n<p>Sonderveranstaltungen wie Legobaustelle, Workshops, STADTplus-Abende und Vortr\u00e4ge sind von der Regelung f\u00fcr den kostenlosen Eintritt ausgenommen; Erm\u00e4\u00dfigungen sind teilweise m\u00f6glich.<\/p>\n","protected":false},"excerpt":{"rendered":"<p>EINTRITTSPREISE Eintritt DAM: EUR 12,\u2013 Eintritt DAM erm\u00e4\u00dfigt: EUR 7 Erm\u00e4\u00dfigten Eintritt zu den Ausstellungen erhalten: Sch\u00fcler und Studierende \u00fcber 18 Jahre Auszubildende Arbeitslose Bundesfreiwilligendienstleistende Menschen mit Behinderung mit einem [&hellip;]<\/p>\n","protected":false},"author":2,"featured_media":0,"parent":11733,"menu_order":1,"comment_status":"closed","ping_status":"closed","template":"","meta":{"_acf_changed":false,"_et_pb_use_builder":"","_et_pb_old_content":"","_et_gb_content_width":"","footnotes":""},"hf_cat_page":[],"class_list":["post-11708","page","type-page","status-publish","hentry"],"acf":[],"_links":{"self":[{"href":"https:\/\/dam-online.de\/en\/wp-json\/wp\/v2\/pages\/11708","targetHints":{"allow":["GET"]}}],"collection":[{"href":"https:\/\/dam-online.de\/en\/wp-json\/wp\/v2\/pages"}],"about":[{"href":"https:\/\/dam-online.de\/en\/wp-json\/wp\/v2\/types\/page"}],"author":[{"embeddable":true,"href":"https:\/\/dam-online.de\/en\/wp-json\/wp\/v2\/users\/2"}],"replies":[{"embeddable":true,"href":"https:\/\/dam-online.de\/en\/wp-json\/wp\/v2\/comments?post=11708"}],"version-history":[{"count":0,"href":"https:\/\/dam-online.de\/en\/wp-json\/wp\/v2\/pages\/11708\/revisions"}],"up":[{"embeddable":true,"href":"https:\/\/dam-online.de\/en\/wp-json\/wp\/v2\/pages\/11733"}],"wp:attachment":[{"href":"https:\/\/dam-online.de\/en\/wp-json\/wp\/v2\/media?parent=11708"}],"wp:term":[{"taxonomy":"hf_cat_page","embeddable":true,"href":"https:\/\/dam-online.de\/en\/wp-json\/wp\/v2\/hf_cat_page?post=11708"}],"curies":[{"name":"wp","href":"https:\/\/api.w.org\/{rel}","templated":true}]}}