{"id":11699,"date":"2019-07-24T14:27:20","date_gmt":"2019-07-24T12:27:20","guid":{"rendered":"https:\/\/dam-online.de\/besuch\/guided-tours\/oeffentlich\/"},"modified":"2019-07-24T14:27:20","modified_gmt":"2019-07-24T12:27:20","slug":"oeffentlich","status":"publish","type":"page","link":"https:\/\/dam-online.de\/en\/visit\/guided-tours\/oeffentlich\/","title":{"rendered":"\u00d6ffentlich"},"content":{"rendered":"<p>F\u00dcHRUNGEN<\/p>\n<p><u>Kostenlose \u00f6ffentliche F\u00fchrungen<\/u><\/p>\n<p>DAM PREIS 2019<br \/>\nimmer samstags und sonntags, jeweils 14 Uhr<\/p>\n<p>DIE IMMER NEUE ALTSTADT<br \/>\nimmer samstags und sonntags, jeweils 15 Uhr<\/p>\n<p>BEST HIGHRISES 201819<br \/>\nimmer samstags und sonntags, jeweils 16 Uhr<\/p>\n","protected":false},"excerpt":{"rendered":"<p>F\u00dcHRUNGEN Kostenlose \u00f6ffentliche F\u00fchrungen DAM PREIS 2019 immer samstags und sonntags, jeweils 14 Uhr DIE IMMER NEUE ALTSTADT immer samstags und sonntags, jeweils 15 Uhr BEST HIGHRISES 201819 immer samstags [&hellip;]<\/p>\n","protected":false},"author":2,"featured_media":0,"parent":11551,"menu_order":0,"comment_status":"closed","ping_status":"closed","template":"","meta":{"_acf_changed":false,"_et_pb_use_builder":"","_et_pb_old_content":"","_et_gb_content_width":"","footnotes":""},"hf_cat_page":[],"class_list":["post-11699","page","type-page","status-publish","hentry"],"acf":[],"_links":{"self":[{"href":"https:\/\/dam-online.de\/en\/wp-json\/wp\/v2\/pages\/11699","targetHints":{"allow":["GET"]}}],"collection":[{"href":"https:\/\/dam-online.de\/en\/wp-json\/wp\/v2\/pages"}],"about":[{"href":"https:\/\/dam-online.de\/en\/wp-json\/wp\/v2\/types\/page"}],"author":[{"embeddable":true,"href":"https:\/\/dam-online.de\/en\/wp-json\/wp\/v2\/users\/2"}],"replies":[{"embeddable":true,"href":"https:\/\/dam-online.de\/en\/wp-json\/wp\/v2\/comments?post=11699"}],"version-history":[{"count":0,"href":"https:\/\/dam-online.de\/en\/wp-json\/wp\/v2\/pages\/11699\/revisions"}],"up":[{"embeddable":true,"href":"https:\/\/dam-online.de\/en\/wp-json\/wp\/v2\/pages\/11551"}],"wp:attachment":[{"href":"https:\/\/dam-online.de\/en\/wp-json\/wp\/v2\/media?parent=11699"}],"wp:term":[{"taxonomy":"hf_cat_page","embeddable":true,"href":"https:\/\/dam-online.de\/en\/wp-json\/wp\/v2\/hf_cat_page?post=11699"}],"curies":[{"name":"wp","href":"https:\/\/api.w.org\/{rel}","templated":true}]}}