{"id":11698,"date":"2019-07-24T14:26:53","date_gmt":"2019-07-24T12:26:53","guid":{"rendered":"https:\/\/dam-online.de\/besuch\/guided-tours\/individuell\/"},"modified":"2019-07-24T14:26:53","modified_gmt":"2019-07-24T12:26:53","slug":"individuell","status":"publish","type":"page","link":"https:\/\/dam-online.de\/en\/visit\/guided-tours\/individuell\/","title":{"rendered":"Individuell"},"content":{"rendered":"<p><u>Gruppenf\u00fchrungen und private F\u00fchrungen<\/u><\/p>\n<p>Gruppenf\u00fchrungen sowie private F\u00fchrungen an anderen Tagen bitte direkt reservieren bei:<\/p>\n<p>Yorck F\u00f6rster M.A.<br \/>\nT: 069-44 53 04<br \/>\nM: 0178-5520111<br \/>\nE-Mail: <a href=\"mailto:vorname.nachname@stadt-frankfurt.de\">vorname.nachname@stadt-frankfurt.de<\/a><\/p>\n","protected":false},"excerpt":{"rendered":"<p>Gruppenf\u00fchrungen und private F\u00fchrungen Gruppenf\u00fchrungen sowie private F\u00fchrungen an anderen Tagen bitte direkt reservieren bei: Yorck F\u00f6rster M.A. T: 069-44 53 04 M: 0178-5520111 E-Mail: vorname.nachname@stadt-frankfurt.de<\/p>\n","protected":false},"author":2,"featured_media":0,"parent":11551,"menu_order":1,"comment_status":"closed","ping_status":"closed","template":"","meta":{"_acf_changed":false,"_et_pb_use_builder":"","_et_pb_old_content":"","_et_gb_content_width":"","footnotes":""},"class_list":["post-11698","page","type-page","status-publish","hentry"],"acf":[],"_links":{"self":[{"href":"https:\/\/dam-online.de\/en\/wp-json\/wp\/v2\/pages\/11698","targetHints":{"allow":["GET"]}}],"collection":[{"href":"https:\/\/dam-online.de\/en\/wp-json\/wp\/v2\/pages"}],"about":[{"href":"https:\/\/dam-online.de\/en\/wp-json\/wp\/v2\/types\/page"}],"author":[{"embeddable":true,"href":"https:\/\/dam-online.de\/en\/wp-json\/wp\/v2\/users\/2"}],"replies":[{"embeddable":true,"href":"https:\/\/dam-online.de\/en\/wp-json\/wp\/v2\/comments?post=11698"}],"version-history":[{"count":0,"href":"https:\/\/dam-online.de\/en\/wp-json\/wp\/v2\/pages\/11698\/revisions"}],"up":[{"embeddable":true,"href":"https:\/\/dam-online.de\/en\/wp-json\/wp\/v2\/pages\/11551"}],"wp:attachment":[{"href":"https:\/\/dam-online.de\/en\/wp-json\/wp\/v2\/media?parent=11698"}],"curies":[{"name":"wp","href":"https:\/\/api.w.org\/{rel}","templated":true}]}}